{"id":1903,"date":"2024-07-15T06:18:59","date_gmt":"2024-07-15T06:18:59","guid":{"rendered":"https:\/\/claritihria.net\/trang-404\/"},"modified":"2025-05-05T10:09:36","modified_gmt":"2025-05-05T10:09:36","slug":"trang-404","status":"publish","type":"page","link":"https:\/\/claritihria.net\/vi\/trang-404\/","title":{"rendered":"Trang 404"},"content":{"rendered":"<p>[et_pb_section fb_built=&#8221;1&#8243; _builder_version=&#8221;4.25.1&#8243; _module_preset=&#8221;default&#8221; background_enable_color=&#8221;off&#8221; use_background_color_gradient=&#8221;on&#8221; background_color_gradient_direction=&#8221;207deg&#8221; background_color_gradient_stops=&#8221;rgba(242,242,242,0.08) 0%|rgba(10,10,10,0.74) 100%&#8221; background_color_gradient_overlays_image=&#8221;on&#8221; background_image=&#8221;https:\/\/claritihria.net\/wp-content\/uploads\/2024\/05\/a59a2bbf-bb3d-4ac0-acbb-79c435ece656_out-1504&#215;944.jpg&#8221; parallax=&#8221;on&#8221; custom_margin=&#8221;||||false|false&#8221; custom_padding=&#8221;30px||||false|false&#8221; global_colors_info=&#8221;{}&#8221;][et_pb_row _builder_version=&#8221;4.25.1&#8243; _module_preset=&#8221;default&#8221; global_colors_info=&#8221;{}&#8221;][et_pb_column type=&#8221;4_4&#8243; _builder_version=&#8221;4.25.1&#8243; _module_preset=&#8221;default&#8221; global_colors_info=&#8221;{}&#8221;][dondivi_grid grid_columns=&#8221;4&#8243; _builder_version=&#8221;4.25.2&#8243; _module_preset=&#8221;default&#8221; border_radii_items=&#8221;on|30px|30px|30px|30px&#8221; global_colors_info=&#8221;{}&#8221;][dondivi_grid_item item_position=&#8221;{%22startCol%22:%22auto%22,%22endCol%22:%22span 4%22,%22startRow%22:%22auto%22,%22endRow%22:%22auto%22}&#8221; cc_icon_image=&#8221;image&#8221; cc_image=&#8221;https:\/\/claritihria.net\/wp-content\/uploads\/2024\/06\/CLARITI-home.webp&#8221; _builder_version=&#8221;4.25.2&#8243; _module_preset=&#8221;default&#8221; background_color=&#8221;rgba(27,82,117,0)&#8221; background_enable_color=&#8221;on&#8221; custom_padding=&#8221;0px|0px|0px|0px|true|true&#8221; custom_padding_last_edited=&#8221;off|desktop&#8221; global_colors_info=&#8221;{}&#8221;][\/dondivi_grid_item][dondivi_grid_item item_position=&#8221;{%22startCol%22:%22auto%22,%22endCol%22:%22span 2%22,%22startRow%22:%22auto%22,%22endRow%22:%22auto%22}&#8221; cc_icon_image=&#8221;icon&#8221; cc_icon=&#8221;s||divi||400&#8243; cc_icon_color=&#8221;#e02b20&#8243; cc_icon_placement=&#8221;row&#8221; cc_button_text=&#8221;CONTACT US&#8221; cc_button_url=&#8221;https:\/\/claritihria.net\/contact\/&#8221; item_position_tablet=&#8221;{%22startCol%22:%22auto%22,%22endCol%22:%22span 2%22,%22startRow%22:%22auto%22,%22endRow%22:%22auto%22}&#8221; item_position_phone=&#8221;{%22startCol%22:%22auto%22,%22endCol%22:%22span 4%22,%22startRow%22:%22auto%22,%22endRow%22:%22auto%22}&#8221; item_position_last_edited=&#8221;on|tablet&#8221; cc_icon_placement_tablet=&#8221;column&#8221; cc_icon_placement_phone=&#8221;column&#8221; cc_icon_placement_last_edited=&#8221;on|phone&#8221; _builder_version=&#8221;4.25.2&#8243; _module_preset=&#8221;default&#8221; title_level=&#8221;h1&#8243; title_font=&#8221;|700|||||||&#8221; body_font=&#8221;|700|||||||&#8221; body_text_align=&#8221;left&#8221; body_text_color=&#8221;#353535&#8243; body_font_size=&#8221;20px&#8221; body_line_height=&#8221;1.8em&#8221; background_color=&#8221;rgba(255,202,45,0.91)&#8221; background_enable_color=&#8221;on&#8221; custom_button=&#8221;on&#8221; button_text_color=&#8221;#FFFFFF&#8221; button_bg_color=&#8221;#1b5275&#8243; button_border_width=&#8221;0px&#8221; button_border_radius=&#8221;10px&#8221; button_font=&#8221;|700|||||||&#8221; button_icon=&#8221;=||divi||400&#8243; button_icon_placement=&#8221;right&#8221; button_on_hover=&#8221;on&#8221; button_alignment=&#8221;left&#8221; image_icon_custom_padding=&#8221;12px||||false|false&#8221; body_text_align_tablet=&#8221;center&#8221; body_text_align_phone=&#8221;center&#8221; body_text_align_last_edited=&#8221;on|desktop&#8221; button_alignment_tablet=&#8221;center&#8221; button_alignment_phone=&#8221;center&#8221; button_alignment_last_edited=&#8221;on|phone&#8221; border_radii=&#8221;on|20px|20px|20px|20px&#8221; global_colors_info=&#8221;{}&#8221; button_bg_color__hover_enabled=&#8221;on|desktop&#8221; button_bg_color__hover=&#8221;#ffc100&#8243; button_bg_enable_color__hover=&#8221;on&#8221; button_text_color__hover_enabled=&#8221;on|desktop&#8221; button_text_color__hover=&#8221;#1b5275&#8243;]<\/p>\n<p>Vui l\u00f2ng \u0111\u0103ng nh\u1eadp ho\u1eb7c t\u1ea1o t\u00e0i kho\u1ea3n \u0111\u1ec3 truy c\u1eadp c\u00f4ng c\u1ee5 CLARITI v\u00e0 b\u1ea3ng \u0111i\u1ec1u khi\u1ec3n B\u00e1o c\u00e1o. N\u1ebfu b\u1ea1n tin r\u1eb1ng b\u1ea1n \u0111ang th\u1ea5y th\u00f4ng b\u00e1o n\u00e0y l\u00e0 l\u1ed7i, vui l\u00f2ng li\u00ean h\u1ec7 v\u1edbi nh\u00f3m h\u1ed7 tr\u1ee3 c\u1ee7a ch\u00fang t\u00f4i. <\/p>\n<p>[\/dondivi_grid_item][dondivi_grid_item item_position=&#8221;{%22startCol%22:%22auto%22,%22endCol%22:%22span 1%22,%22startRow%22:%22auto%22,%22endRow%22:%22auto%22}&#8221; cc_icon_image=&#8221;icon&#8221; cc_icon=&#8221;\uf234||fa||900&#8243; cc_icon_color=&#8221;#1b5275&#8243; cc_button_text=&#8221;SIGN-UP&#8221; cc_button_url=&#8221;https:\/\/claritihria.net\/login\/&#8221; item_position_tablet=&#8221;{%22startCol%22:%22auto%22,%22endCol%22:%22span 2%22,%22startRow%22:%22auto%22,%22endRow%22:%22auto%22}&#8221; item_position_phone=&#8221;{%22startCol%22:%22auto%22,%22endCol%22:%22span 4%22,%22startRow%22:%22auto%22,%22endRow%22:%22auto%22}&#8221; item_position_last_edited=&#8221;on|desktop&#8221; cc_icon_placement_tablet=&#8221;column&#8221; cc_icon_placement_phone=&#8221;column&#8221; cc_icon_placement_last_edited=&#8221;on|desktop&#8221; _builder_version=&#8221;4.25.2&#8243; _module_preset=&#8221;default&#8221; title_level=&#8221;h1&#8243; title_font=&#8221;|700|||||||&#8221; body_font=&#8221;||||||||&#8221; body_text_align=&#8221;left&#8221; body_font_size=&#8221;20px&#8221; body_line_height=&#8221;1.8em&#8221; background_color=&#8221;rgba(255,255,255,0.73)&#8221; background_enable_color=&#8221;on&#8221; custom_button=&#8221;on&#8221; button_text_color=&#8221;#FFFFFF&#8221; button_bg_color=&#8221;#1b5275&#8243; button_border_width=&#8221;0px&#8221; button_border_radius=&#8221;10px&#8221; button_font=&#8221;|700|||||||&#8221; button_icon=&#8221;=||divi||400&#8243; button_icon_placement=&#8221;right&#8221; button_on_hover=&#8221;on&#8221; button_alignment=&#8221;left&#8221; image_icon_custom_padding=&#8221;12px||||false|false&#8221; body_text_align_tablet=&#8221;center&#8221; body_text_align_phone=&#8221;center&#8221; body_text_align_last_edited=&#8221;on|desktop&#8221; button_alignment_tablet=&#8221;center&#8221; button_alignment_phone=&#8221;center&#8221; button_alignment_last_edited=&#8221;on|phone&#8221; border_radii=&#8221;on|20px|20px|20px|20px&#8221; global_colors_info=&#8221;{}&#8221; button_bg_color__hover_enabled=&#8221;on|desktop&#8221; button_bg_color__hover=&#8221;#ffc100&#8243; button_bg_enable_color__hover=&#8221;on&#8221; button_text_color__hover_enabled=&#8221;on|desktop&#8221; button_text_color__hover=&#8221;#1b5275&#8243;]<\/p>\n<p>\u0110\u1ec3 c\u00f3 quy\u1ec1n truy c\u1eadp v\u00e0o t\u1ea5t c\u1ea3 c\u00e1c t\u00ednh n\u0103ng m\u00e0 CLARITI cung c\u1ea5p, vui l\u00f2ng t\u1ea1o m\u1ed9t t\u00e0i kho\u1ea3n mi\u1ec5n ph\u00ed.<\/p>\n<p>[\/dondivi_grid_item][dondivi_grid_item item_position=&#8221;{%22startCol%22:%22auto%22,%22endCol%22:%22span 1%22,%22startRow%22:%22auto%22,%22endRow%22:%22auto%22}&#8221; cc_icon_image=&#8221;icon&#8221; cc_icon=&#8221;\uf2f6||fa||900&#8243; cc_icon_color=&#8221;#1b5275&#8243; cc_button_text=&#8221;LOGIN&#8221; cc_button_url=&#8221;https:\/\/claritihria.net\/login\/&#8221; item_position_tablet=&#8221;{%22startCol%22:%22auto%22,%22endCol%22:%22span 4%22,%22startRow%22:%22auto%22,%22endRow%22:%22auto%22}&#8221; item_position_phone=&#8221;{%22startCol%22:%22auto%22,%22endCol%22:%22span 4%22,%22startRow%22:%22auto%22,%22endRow%22:%22auto%22}&#8221; item_position_last_edited=&#8221;on|phone&#8221; cc_icon_placement_tablet=&#8221;column&#8221; cc_icon_placement_phone=&#8221;column&#8221; cc_icon_placement_last_edited=&#8221;on|desktop&#8221; _builder_version=&#8221;4.25.2&#8243; _module_preset=&#8221;default&#8221; title_level=&#8221;h1&#8243; title_font=&#8221;|700|||||||&#8221; body_font=&#8221;||||||||&#8221; body_text_align=&#8221;left&#8221; body_font_size=&#8221;20px&#8221; body_line_height=&#8221;1.8em&#8221; background_color=&#8221;rgba(255,255,255,0.73)&#8221; background_enable_color=&#8221;on&#8221; custom_button=&#8221;on&#8221; button_text_color=&#8221;#FFFFFF&#8221; button_bg_color=&#8221;#1b5275&#8243; button_border_width=&#8221;0px&#8221; button_border_radius=&#8221;10px&#8221; button_font=&#8221;|700|||||||&#8221; button_icon=&#8221;=||divi||400&#8243; button_icon_placement=&#8221;right&#8221; button_on_hover=&#8221;on&#8221; button_alignment=&#8221;left&#8221; image_icon_custom_padding=&#8221;12px||||false|false&#8221; body_text_align_tablet=&#8221;center&#8221; body_text_align_phone=&#8221;center&#8221; body_text_align_last_edited=&#8221;on|desktop&#8221; button_alignment_tablet=&#8221;center&#8221; button_alignment_phone=&#8221;center&#8221; button_alignment_last_edited=&#8221;on|phone&#8221; border_radii=&#8221;on|20px|20px|20px|20px&#8221; global_colors_info=&#8221;{}&#8221; button_bg_color__hover_enabled=&#8221;on|desktop&#8221; button_bg_color__hover=&#8221;#ffc100&#8243; button_bg_enable_color__hover=&#8221;on&#8221; button_text_color__hover_enabled=&#8221;on|desktop&#8221; button_text_color__hover=&#8221;#1b5275&#8243;]<\/p>\n<p>Ng\u01b0\u1eddi d\u00f9ng quay l\u1ea1i? Vui l\u00f2ng \u0111\u0103ng nh\u1eadp \u0111\u1ec3 truy c\u1eadp b\u1ea3ng \u0111i\u1ec1u khi\u1ec3n CLARITI c\u1ee7a b\u1ea1n. <\/p>\n<p>[\/dondivi_grid_item][\/dondivi_grid][\/et_pb_column][\/et_pb_row][\/et_pb_section][et_pb_section fb_built=&#8221;1&#8243; _builder_version=&#8221;4.25.2&#8243; _module_preset=&#8221;default&#8221; custom_margin=&#8221;0px||0px||true|false&#8221; custom_padding=&#8221;0px||0px||true|false&#8221; global_module=&#8221;977&#8243; saved_tabs=&#8221;all&#8221; global_colors_info=&#8221;{}&#8221;][et_pb_row column_structure=&#8221;1_4,1_2,1_4&#8243; use_custom_gutter=&#8221;on&#8221; gutter_width=&#8221;2&#8243; _builder_version=&#8221;4.25.2&#8243; _module_preset=&#8221;default&#8221; background_color=&#8221;#FFFFFF&#8221; width=&#8221;100%&#8221; max_width=&#8221;2560px&#8221; custom_margin=&#8221;0px||0px||true|false&#8221; custom_padding=&#8221;0px||0px||true|false&#8221; sticky_position=&#8221;bottom&#8221; sticky_position_tablet=&#8221;none&#8221; sticky_position_phone=&#8221;none&#8221; sticky_position_last_edited=&#8221;on|desktop&#8221; custom_css_main_element=&#8221;display: flex;&#8221; global_colors_info=&#8221;{}&#8221; custom_css_main_element_last_edited=&#8221;on|phone&#8221; custom_css_main_element_phone=&#8221; &#8221; custom_css_main_element_tablet=&#8221;display: flex;&#8221;][et_pb_column type=&#8221;1_4&#8243; _builder_version=&#8221;4.25.2&#8243; _module_preset=&#8221;default&#8221; background_color=&#8221;#FFFFFF&#8221; global_colors_info=&#8221;{}&#8221;][et_pb_image src=&#8221;https:\/\/claritihria.net\/wp-content\/uploads\/2024\/06\/ar19-rdr.webp&#8221; title_text=&#8221;ar19-rdr&#8221; show_bottom_space=&#8221;off&#8221; align=&#8221;center&#8221; _builder_version=&#8221;4.25.2&#8243; _module_preset=&#8221;default&#8221; max_width_tablet=&#8221;&#8221; max_width_phone=&#8221;80%&#8221; max_width_last_edited=&#8221;on|phone&#8221; custom_margin_tablet=&#8221;0px||||false|false&#8221; custom_margin_phone=&#8221;0px||||false|false&#8221; custom_margin_last_edited=&#8221;on|phone&#8221; custom_padding=&#8221;0px||||false|false&#8221; global_colors_info=&#8221;{}&#8221;][\/et_pb_image][\/et_pb_column][et_pb_column type=&#8221;1_2&#8243; _builder_version=&#8221;4.25.2&#8243; _module_preset=&#8221;default&#8221; global_colors_info=&#8221;{}&#8221;][\/et_pb_column][et_pb_column type=&#8221;1_4&#8243; _builder_version=&#8221;4.25.2&#8243; _module_preset=&#8221;default&#8221; background_color=&#8221;#FFFFFF&#8221; global_colors_info=&#8221;{}&#8221;][dondivi_menu alignment=&#8221;center&#8221; mi_gap=&#8221;20px&#8221; mi_gap_tablet=&#8221;4px&#8221; mi_gap_phone=&#8221;20px&#8221; mi_gap_last_edited=&#8221;on|phone&#8221; _builder_version=&#8221;4.25.2&#8243; _module_preset=&#8221;default&#8221; custom_margin=&#8221;10px||0px||false|false&#8221; custom_margin_tablet=&#8221;0px||||false|false&#8221; custom_margin_phone=&#8221;0px||||false|false&#8221; custom_margin_last_edited=&#8221;on|phone&#8221; custom_padding=&#8221;5px|30px|||false|false&#8221; custom_padding_tablet=&#8221;0px|10px|||false|false&#8221; custom_padding_phone=&#8221;0px|0px|20px||false|false&#8221; custom_padding_last_edited=&#8221;on|desktop&#8221; global_colors_info=&#8221;{}&#8221;][dondivi_menu_item title=&#8221;b\u00e1nh quy&#8221; item_content=&#8221;icon&#8221; item_font_icon=&#8221;\uf564||fa||900&#8243; item_icon_color=&#8221;#b2b2b2&#8243; item_icon_width=&#8221;50px&#8221; url=&#8221;https:\/\/claritihria.net\/privacy-policy\/&#8221; url_new_window=&#8221;on&#8221; _builder_version=&#8221;4.25.2&#8243; _module_preset=&#8221;default&#8221; global_colors_info=&#8221;{}&#8221;]N\u1ed9i dung c\u1ee7a b\u1ea1n s\u1ebd \u1edf \u0111\u00e2y. Ch\u1ec9nh s\u1eeda ho\u1eb7c x\u00f3a v\u0103n b\u1ea3n n\u00e0y tr\u1ef1c tuy\u1ebfn ho\u1eb7c trong m\u00f4-\u0111un C\u00e0i \u0111\u1eb7t n\u1ed9i dung. B\u1ea1n c\u0169ng c\u00f3 th\u1ec3 \u0111\u1ecbnh d\u1ea1ng m\u1ecdi kh\u00eda c\u1ea1nh c\u1ee7a n\u1ed9i dung n\u00e0y trong m\u00f4-\u0111un C\u00e0i \u0111\u1eb7t thi\u1ebft k\u1ebf v\u00e0 th\u1eadm ch\u00ed \u00e1p d\u1ee5ng CSS t\u00f9y ch\u1ec9nh cho v\u0103n b\u1ea3n n\u00e0y trong m\u00f4-\u0111un C\u00e0i \u0111\u1eb7t n\u00e2ng cao.  [\/dondivi_menu_item][dondivi_menu_item title=&#8221;s\u1ef1 ri\u00eang t\u01b0&#8221; item_content=&#8221;icon&#8221; item_font_icon=&#8221;\ue06c||divi||400&#8243; item_icon_color=&#8221;#b2b2b2&#8243; item_icon_width=&#8221;50px&#8221; url=&#8221;https:\/\/claritihria.net\/privacy-policy\/&#8221; url_new_window=&#8221;on&#8221; _builder_version=&#8221;4.25.2&#8243; _module_preset=&#8221;default&#8221; global_colors_info=&#8221;{}&#8221;]N\u1ed9i dung c\u1ee7a b\u1ea1n s\u1ebd \u1edf \u0111\u00e2y. Ch\u1ec9nh s\u1eeda ho\u1eb7c x\u00f3a v\u0103n b\u1ea3n n\u00e0y tr\u1ef1c tuy\u1ebfn ho\u1eb7c trong m\u00f4-\u0111un C\u00e0i \u0111\u1eb7t n\u1ed9i dung. B\u1ea1n c\u0169ng c\u00f3 th\u1ec3 \u0111\u1ecbnh d\u1ea1ng m\u1ecdi kh\u00eda c\u1ea1nh c\u1ee7a n\u1ed9i dung n\u00e0y trong m\u00f4-\u0111un C\u00e0i \u0111\u1eb7t thi\u1ebft k\u1ebf v\u00e0 th\u1eadm ch\u00ed \u00e1p d\u1ee5ng CSS t\u00f9y ch\u1ec9nh cho v\u0103n b\u1ea3n n\u00e0y trong m\u00f4-\u0111un C\u00e0i \u0111\u1eb7t n\u00e2ng cao.  [\/dondivi_menu_item][dondivi_menu_item title=&#8221;gi\u00fap \u0111\u1ee1&#8221; item_content=&#8221;icon&#8221; item_font_icon=&#8221;\ue064||divi||400&#8243; item_icon_color=&#8221;#b2b2b2&#8243; item_icon_width=&#8221;50px&#8221; url=&#8221;https:\/\/claritihria.net\/contact\/&#8221; _builder_version=&#8221;4.25.2&#8243; _module_preset=&#8221;default&#8221; global_colors_info=&#8221;{}&#8221;]N\u1ed9i dung c\u1ee7a b\u1ea1n s\u1ebd \u1edf \u0111\u00e2y. Ch\u1ec9nh s\u1eeda ho\u1eb7c x\u00f3a v\u0103n b\u1ea3n n\u00e0y tr\u1ef1c tuy\u1ebfn ho\u1eb7c trong m\u00f4-\u0111un C\u00e0i \u0111\u1eb7t n\u1ed9i dung. B\u1ea1n c\u0169ng c\u00f3 th\u1ec3 \u0111\u1ecbnh d\u1ea1ng m\u1ecdi kh\u00eda c\u1ea1nh c\u1ee7a n\u1ed9i dung n\u00e0y trong m\u00f4-\u0111un C\u00e0i \u0111\u1eb7t thi\u1ebft k\u1ebf v\u00e0 th\u1eadm ch\u00ed \u00e1p d\u1ee5ng CSS t\u00f9y ch\u1ec9nh cho v\u0103n b\u1ea3n n\u00e0y trong m\u00f4-\u0111un C\u00e0i \u0111\u1eb7t n\u00e2ng cao.  [\/dondivi_menu_item][\/dondivi_menu][\/et_pb_column][\/et_pb_row][\/et_pb_section]<\/p>\n","protected":false},"excerpt":{"rendered":"<p><div class=\"et_pb_module dondivi_grid dondivi_grid_0\">\n\t\t\t\t\n\t\t\t\t\n\t\t\t\t\n\t\t\t\t\n\t\t\t\t\n\t\t\t\t\n\t\t\t\t<div class=\"et_pb_module_inner\">\n\t\t\t\t\t<div class=\"ddb-grid\"><\/div>\n\t\t\t\t<\/div>\n\t\t\t<\/div><div class=\"et_pb_module dondivi_grid_item dondivi_grid_item_0\">\n\t\t\t\t\n\t\t\t\t\n\t\t\t\t\n\t\t\t\t\n\t\t\t\t\n\t\t\t\t\n\t\t\t\t<div class=\"et_pb_module_inner\">\n\t\t\t\t\t<div class=\"ddb-grid-content\"><div class=\"ddb-custom-grid-item ddb-f\"><img decoding=\"async\" alt=\"\" src=\"https:\/\/claritihria.net\/wp-content\/uploads\/2024\/06\/CLARITI-home.webp\" srcset=\"https:\/\/claritihria.net\/wp-content\/uploads\/2024\/06\/CLARITI-home.webp 1400w, https:\/\/claritihria.net\/wp-content\/uploads\/2024\/06\/CLARITI-home-1280x336.webp 1280w, https:\/\/claritihria.net\/wp-content\/uploads\/2024\/06\/CLARITI-home-980x258.webp 980w, https:\/\/claritihria.net\/wp-content\/uploads\/2024\/06\/CLARITI-home-480x126.webp 480w\" sizes=\"(min-width: 0px) and (max-width: 480px) 480px, (min-width: 481px) and (max-width: 980px) 980px, (min-width: 981px) and (max-width: 1280px) 1280px, (min-width: 1281px) 1400px, 100vw\" class=\"ddb-grid-item-image-icon ddb-bss\" \/><div class=\"ddb-content\"><\/div><\/div><\/div>\n\t\t\t\t<\/div>\n\t\t\t<\/div><div class=\"et_pb_module dondivi_grid_item dondivi_grid_item_1\">\n\t\t\t\t\n\t\t\t\t\n\t\t\t\t\n\t\t\t\t\n\t\t\t\t\n\t\t\t\t\n\t\t\t\t<div class=\"et_pb_module_inner\">\n\t\t\t\t\t<div class=\"ddb-grid-content\"><div class=\"ddb-custom-grid-item ddb-f\"><div class=\"ddb-content\"><div class=\"et_pb_button_module_wrapper\"><a class=\"et_pb_button ddb-grid-item-button\" href=\"\">&#8221;CONTACT<\/a><\/div><\/div><\/div><\/div>\n\t\t\t\t<\/div>\n\t\t\t<\/div><\/p>\n","protected":false},"author":1,"featured_media":0,"parent":0,"menu_order":0,"comment_status":"closed","ping_status":"closed","template":"","meta":{"_et_pb_use_builder":"on","_et_pb_old_content":"","_et_gb_content_width":"","footnotes":""},"class_list":["post-1903","page","type-page","status-publish","hentry"],"_links":{"self":[{"href":"https:\/\/claritihria.net\/vi\/wp-json\/wp\/v2\/pages\/1903","targetHints":{"allow":["GET"]}}],"collection":[{"href":"https:\/\/claritihria.net\/vi\/wp-json\/wp\/v2\/pages"}],"about":[{"href":"https:\/\/claritihria.net\/vi\/wp-json\/wp\/v2\/types\/page"}],"author":[{"embeddable":true,"href":"https:\/\/claritihria.net\/vi\/wp-json\/wp\/v2\/users\/1"}],"replies":[{"embeddable":true,"href":"https:\/\/claritihria.net\/vi\/wp-json\/wp\/v2\/comments?post=1903"}],"version-history":[{"count":3,"href":"https:\/\/claritihria.net\/vi\/wp-json\/wp\/v2\/pages\/1903\/revisions"}],"predecessor-version":[{"id":1907,"href":"https:\/\/claritihria.net\/vi\/wp-json\/wp\/v2\/pages\/1903\/revisions\/1907"}],"wp:attachment":[{"href":"https:\/\/claritihria.net\/vi\/wp-json\/wp\/v2\/media?parent=1903"}],"curies":[{"name":"wp","href":"https:\/\/api.w.org\/{rel}","templated":true}]}}