{"id":1894,"date":"2024-07-07T16:17:15","date_gmt":"2024-07-07T16:17:15","guid":{"rendered":"https:\/\/claritihria.net\/lien-he\/"},"modified":"2025-10-26T18:12:08","modified_gmt":"2025-10-26T18:12:08","slug":"lien-he","status":"publish","type":"page","link":"https:\/\/claritihria.net\/vi\/lien-he\/","title":{"rendered":"Li\u00ean h\u1ec7"},"content":{"rendered":"<p>[et_pb_section fb_built=&#8221;1&#8243; _builder_version=&#8221;4.27.0&#8243; _module_preset=&#8221;default&#8221; background_color=&#8221;#e8e8e8&#8243; background_enable_image=&#8221;off&#8221; parallax=&#8221;on&#8221; background_enable_mask_style=&#8221;on&#8221; background_mask_style=&#8221;diagonal-pills&#8221; background_mask_color=&#8221;#efefef&#8221; background_mask_size=&#8221;cover&#8221; global_colors_info=&#8221;{}&#8221;][et_pb_row _builder_version=&#8221;4.25.1&#8243; _module_preset=&#8221;default&#8221; global_colors_info=&#8221;{}&#8221;][et_pb_column type=&#8221;4_4&#8243; _builder_version=&#8221;4.25.1&#8243; _module_preset=&#8221;default&#8221; global_colors_info=&#8221;{}&#8221;][dondivi_grid grid_columns=&#8221;2&#8243; _builder_version=&#8221;4.27.4&#8243; _module_preset=&#8221;default&#8221; background_enable_color=&#8221;off&#8221; border_radii_items=&#8221;on|10px|10px|10px|10px&#8221; global_colors_info=&#8221;{}&#8221;][dondivi_grid_item item_position=&#8221;{%22startCol%22:%22auto%22,%22endCol%22:%22span 2%22,%22startRow%22:%22auto%22,%22endRow%22:%22auto%22}&#8221; cc_title=&#8221;Li\u00ean h\u1ec7&#8221; _builder_version=&#8221;4.27.4&#8243; _module_preset=&#8221;default&#8221; title_font=&#8221;|700|||||||&#8221; title_font_size=&#8221;30px&#8221; background_color=&#8221;rgba(255,255,255,0.72)&#8221; background_enable_color=&#8221;on&#8221; global_colors_info=&#8221;{}&#8221;]<\/p>\n<div class=\"frm_forms  with_frm_style frm_style_phase-2-16-define-workplan\" id=\"frm_form_8_container\" data-token=\"904b69773bc30498f302e393a92e553d\">\n<form enctype=\"multipart\/form-data\" method=\"post\" class=\"frm-show-form  frm_pro_form \" id=\"form_30sjp\" data-token=\"904b69773bc30498f302e393a92e553d\">\n<div class=\"frm_form_fields \">\n<fieldset>\n<legend class=\"frm_screen_reader\">Bi\u1ec3u m\u1eabu li\u00ean h\u1ec7<\/legend>\r\n\r\n<div class=\"frm_fields_container\">\n<input type=\"hidden\" name=\"frm_action\" value=\"create\" \/>\n<input type=\"hidden\" name=\"form_id\" value=\"8\" \/>\n<input type=\"hidden\" name=\"frm_hide_fields_8\" id=\"frm_hide_fields_8\" value=\"\" \/>\n<input type=\"hidden\" name=\"form_key\" value=\"30sjp\" \/>\n<input type=\"hidden\" name=\"item_meta[0]\" value=\"\" \/>\n<input type=\"hidden\" id=\"frm_submit_entry_8\" name=\"frm_submit_entry_8\" value=\"53545e0042\" \/><input type=\"hidden\" name=\"_wp_http_referer\" value=\"\/vi\/wp-json\/wp\/v2\/pages\/1894\" \/>\t\t<input  type=\"hidden\" name=\"item_meta[2367]\" id=\"field_zafs7\" value=\"vi\"  data-frmval=\"vi\" class=\"form-control\"   \/>\n\t\t<input type=\"hidden\" name=\"item_meta[106]\" id=\"field_6yvbo\" value=\"\" data-frmval=\"\"\/>\n<div id=\"frm_field_1475_container\" class=\"frm_form_field form-field  frm_required_field form-group frm_top_container frm6 frm_first\">\r\n\t<div  id=\"field_y0zld_label\" class=\"frm_primary_label col-form-label form-label\">T\u00ean\r\n\t\t<span class=\"frm_required\" aria-hidden=\"true\">*<\/span>\r\n\t<\/div>\r\n\t<fieldset aria-labelledby=\"field_y0zld_label\">\n\t<legend class=\"frm_screen_reader frm_hidden\">\n\t\tT\u00ean\t<\/legend>\n\n\t<div  class=\"frm_combo_inputs_container\" id=\"frm_combo_inputs_container_1475\" data-name-layout=\"first_last\">\n\t\t\t\t\t<div\n\t\t\t\tid=\"frm_field_1475-first_container\"\n\t\t\t\tclass=\"frm_form_field form-field frm_form_subfield-first  frm6\"\n\t\t\t\tdata-sub-field-name=\"first\"\n\t\t\t>\n\t\t\t\t<label for=\"field_y0zld_first\" class=\"frm_screen_reader frm_hidden\">\n\t\t\t\t\tT\u00ean \u0111\u00e3 cho\t\t\t\t<\/label>\n\n\t\t\t\t<input  type=\"text\" id=\"field_y0zld_first\" value=\"\" name=\"item_meta[1475][first]\" autocomplete=\"given-name\" data-reqmsg=\"T\u00ean kh\u00f4ng \u0111\u01b0\u1ee3c \u0111\u1ec3 tr\u1ed1ng.\" aria-required=\"true\" data-invmsg=\"T\u00ean is invalid\" class=\"form-control\" aria-invalid=\"false\"  \/><div class=\"frm_description\" id=\"frm_field_1475_first_desc\">T\u00ean \u0111\u00e3 cho<\/div>\t\t\t<\/div>\n\t\t\t\t\t\t<div\n\t\t\t\tid=\"frm_field_1475-last_container\"\n\t\t\t\tclass=\"frm_form_field form-field frm_form_subfield-last  frm6\"\n\t\t\t\tdata-sub-field-name=\"last\"\n\t\t\t>\n\t\t\t\t<label for=\"field_y0zld_last\" class=\"frm_screen_reader frm_hidden\">\n\t\t\t\t\tH\u1ecd\t\t\t\t<\/label>\n\n\t\t\t\t<input  type=\"text\" id=\"field_y0zld_last\" value=\"\" name=\"item_meta[1475][last]\" autocomplete=\"family-name\" data-reqmsg=\"T\u00ean kh\u00f4ng \u0111\u01b0\u1ee3c \u0111\u1ec3 tr\u1ed1ng.\" aria-required=\"true\" data-invmsg=\"T\u00ean is invalid\" class=\"form-control\" aria-invalid=\"false\"  \/><div class=\"frm_description\" id=\"frm_field_1475_last_desc\">H\u1ecd<\/div>\t\t\t<\/div>\n\t\t\t\t<\/div>\n<\/fieldset>\n\r\n\t\r\n\t\r\n<\/div>\n<div id=\"frm_field_1480_container\" class=\"frm_form_field form-field  form-group frm_top_container frm6\">\r\n\t<label for=\"field_ehwt9\" id=\"field_ehwt9_label\" class=\"frm_primary_label col-form-label form-label\">T\u1ed5 ch\u1ee9c\r\n\t\t<span class=\"frm_required\" aria-hidden=\"true\"><\/span>\r\n\t<\/label>\r\n\t<input  type=\"text\" id=\"field_ehwt9\" name=\"item_meta[1480]\" value=\"\"  data-invmsg=\"T\u1ed5 ch\u1ee9c kh\u00f4ng h\u1ee3p l\u1ec7\" class=\"form-control\" aria-invalid=\"false\"   \/>\r\n\t\r\n\t\r\n<\/div>\n<div id=\"frm_field_1476_container\" class=\"frm_form_field form-field  frm_required_field form-group frm_top_container frm6 frm_first\">\r\n\t<label for=\"field_l7eyy\" id=\"field_l7eyy_label\" class=\"frm_primary_label col-form-label form-label\">E-mail\r\n\t\t<span class=\"frm_required\" aria-hidden=\"true\">*<\/span>\r\n\t<\/label>\r\n\t<input type=\"email\" id=\"field_l7eyy\" name=\"item_meta[1476]\" value=\"\"  autocomplete=\"email\"  data-reqmsg=\"E-mail kh\u00f4ng \u0111\u01b0\u1ee3c \u0111\u1ec3 tr\u1ed1ng.\" aria-required=\"true\" data-invmsg=\"E-mail kh\u00f4ng h\u1ee3p l\u1ec7\" class=\"form-control\" aria-invalid=\"false\"  \/>\r\n\t\r\n\t\r\n<\/div>\n<div id=\"frm_field_1479_container\" class=\"frm_form_field form-field  frm_required_field form-group frm_top_container frm6\">\r\n\t<label for=\"field_usa21\" id=\"field_usa21_label\" class=\"frm_primary_label col-form-label form-label\">L\u00fd do li\u00ean h\u1ec7\r\n\t\t<span class=\"frm_required\" aria-hidden=\"true\">*<\/span>\r\n\t<\/label>\r\n\t\t\t<select name=\"item_meta[1479]\" id=\"field_usa21\"  data-reqmsg=\"L\u00fd do li\u00ean h\u1ec7 kh\u00f4ng \u0111\u01b0\u1ee3c \u0111\u1ec3 tr\u1ed1ng.\" aria-required=\"true\" data-invmsg=\"L\u00fd do li\u00ean h\u1ec7  kh\u00f4ng h\u1ee3p l\u1ec7\" class=\"form-control\" aria-invalid=\"false\"  >\n\t\t<option  value=\"\" selected='selected'> <\/option><option  value=\"General Inquiry\">Y\u00eau c\u1ea7u chung<\/option><option  value=\"Support Request\">Y\u00eau c\u1ea7u h\u1ed7 tr\u1ee3<\/option><option  value=\"Bug Report\">B\u00e1o c\u00e1o l\u1ed7i<\/option><option  value=\"Other\">Kh\u00e1c<\/option>\t<\/select>\n\t\r\n\t\r\n\t\r\n<\/div>\n<div id=\"frm_field_1477_container\" class=\"frm_form_field form-field  frm_required_field form-group frm_top_container\">\r\n\t<label for=\"field_smhtq\" id=\"field_smhtq_label\" class=\"frm_primary_label col-form-label form-label\">Tin nh\u1eafn c\u1ee7a b\u1ea1n\r\n\t\t<span class=\"frm_required\" aria-hidden=\"true\">*<\/span>\r\n\t<\/label>\r\n\t<textarea name=\"item_meta[1477]\" id=\"field_smhtq\" rows=\"5\"  data-reqmsg=\"Tin nh\u1eafn c\u1ee7a b\u1ea1n kh\u00f4ng \u0111\u01b0\u1ee3c \u0111\u1ec3 tr\u1ed1ng.\" aria-required=\"true\" data-invmsg=\"Tin nh\u1eafn c\u1ee7a b\u1ea1n kh\u00f4ng h\u1ee3p l\u1ec7\" class=\"form-control\" aria-invalid=\"false\"  ><\/textarea>\r\n\t\r\n\t\r\n<\/div>\n<div id=\"frm_field_2366_container\" class=\"frm_form_field form-field  frm_required_field form-group frm_top_container\">\r\n\t<div  id=\"field_e04l4_label\" class=\"frm_primary_label col-form-label form-label\">S\u1ef1 \u0111\u1ed3ng \u00fd c\u1ee7a GDPR\r\n\t\t<span class=\"frm_required\" aria-hidden=\"true\">*<\/span>\r\n\t<\/div>\r\n\t\n<div class=\"frm_checkbox\" role=\"group\" aria-labelledby=\"frm-gdpr-accept-2366\">\n\t<label for=\"frm-gdpr-accept-2366\">\n\t\t<input type=\"checkbox\" aria-required=\"true\" name=\"item_meta[2366]\" id=\"frm-gdpr-accept-2366\" value=\"1\" \n\t\t \t\t data-reqmsg=\"S\u1ef1 \u0111\u1ed3ng \u00fd c\u1ee7a GDPR kh\u00f4ng \u0111\u01b0\u1ee3c \u0111\u1ec3 tr\u1ed1ng.\" aria-required=\"true\" data-invmsg=\"S\u1ef1 \u0111\u1ed3ng \u00fd c\u1ee7a GDPR is invalid\" class=\"form-control\" aria-invalid=\"false\"  \t\t\/>\n\t\tI consent to having this website store my submitted information so they can respond to my inquiry.\t<\/label>\n<\/div>\n\r\n\t\r\n\t\r\n<\/div>\n<div id=\"frm_field_1478_container\" class=\"frm_form_field form-field  form-group frm_none_container\">\r\n\t<label for=\"cf-turnstile-response\" id=\"field_4pk3x_label\" class=\"frm_primary_label col-form-label form-label\">M\u00e3 x\u00e1c th\u1ef1c\r\n\t\t<span class=\"frm_required\" aria-hidden=\"true\"><\/span>\r\n\t<\/label>\r\n\t<div  id=\"field_4pk3x\" class=\"frm-cf-turnstile\" data-sitekey=\"0x4AAAAAAAzL4XjAp0YSUVON\" data-language=\"vi-VN\" data-size=\"normal\" data-theme=\"light\"><\/div>\r\n\t\r\n\t\r\n<\/div>\n<div id=\"frm_field_105_container\" class=\"frm_form_field form-field  form-group\">\r\n\t<div class=\"form-group frm_submit frm_flex\">\r\n<button class=\"frm_button_submit btn btn-secondary frm_final_submit\" type=\"submit\"   formnovalidate=\"formnovalidate\">G\u1eecI<\/button>\r\n\r\n\r\n\r\n<\/div>\r\n<\/div>\n\t<input type=\"hidden\" name=\"item_key\" value=\"\" \/>\n\t\t\t<div id=\"frm_field_2387_container\">\n\t\t\t<label for=\"field_o45sh\" >\n\t\t\t\tIf you are human, leave this field blank.\t\t\t<\/label>\n\t\t\t<input  id=\"field_o45sh\" type=\"text\" class=\"frm_form_field form-field frm_verify\" name=\"item_meta[2387]\" value=\"\"  \/>\n\t\t<\/div>\n\t\t<input name=\"frm_state\" type=\"hidden\" value=\"tZR3XyLNrJsxZXmGhwGm+jHICPvkdXJsl9XDeMEXmVBdLKU1Rlt7jqvbilM0u3dc\" \/><\/div>\n<\/fieldset>\n<\/div>\n\n<\/form>\n<\/div>\n\n<p>[\/dondivi_grid_item][\/dondivi_grid][\/et_pb_column][\/et_pb_row][\/et_pb_section][et_pb_section fb_built=&#8221;1&#8243; _builder_version=&#8221;4.25.2&#8243; _module_preset=&#8221;default&#8221; custom_margin=&#8221;0px||0px||true|false&#8221; custom_padding=&#8221;0px||0px||true|false&#8221; saved_tabs=&#8221;all&#8221; global_colors_info=&#8221;{}&#8221;][et_pb_row column_structure=&#8221;1_4,1_2,1_4&#8243; use_custom_gutter=&#8221;on&#8221; gutter_width=&#8221;2&#8243; _builder_version=&#8221;4.25.2&#8243; _module_preset=&#8221;default&#8221; background_color=&#8221;#FFFFFF&#8221; width=&#8221;100%&#8221; max_width=&#8221;2560px&#8221; custom_margin=&#8221;0px||0px||true|false&#8221; custom_padding=&#8221;0px||0px||true|false&#8221; sticky_position=&#8221;bottom&#8221; sticky_position_tablet=&#8221;none&#8221; sticky_position_phone=&#8221;none&#8221; sticky_position_last_edited=&#8221;on|desktop&#8221; custom_css_main_element=&#8221;display: flex;&#8221; global_colors_info=&#8221;{}&#8221; custom_css_main_element_last_edited=&#8221;on|phone&#8221; custom_css_main_element_phone=&#8221; &#8221; custom_css_main_element_tablet=&#8221;display: flex;&#8221;][et_pb_column type=&#8221;1_4&#8243; _builder_version=&#8221;4.25.2&#8243; _module_preset=&#8221;default&#8221; background_color=&#8221;#FFFFFF&#8221; global_colors_info=&#8221;{}&#8221;][et_pb_image src=&#8221;https:\/\/claritihria.net\/wp-content\/uploads\/2025\/10\/ar19-rdr-vi.webp&#8221; title_text=&#8221;ar19-rdr&#8221; show_bottom_space=&#8221;off&#8221; align=&#8221;center&#8221; _builder_version=&#8221;4.27.4&#8243; _module_preset=&#8221;default&#8221; max_width_tablet=&#8221;&#8221; max_width_phone=&#8221;80%&#8221; max_width_last_edited=&#8221;on|phone&#8221; custom_margin_tablet=&#8221;||||false|false&#8221; custom_margin_phone=&#8221;0px||||false|false&#8221; custom_margin_last_edited=&#8221;on|tablet&#8221; custom_padding=&#8221;0px||||false|false&#8221; custom_padding_tablet=&#8221;20px||||false|false&#8221; custom_padding_phone=&#8221;10px||||false|false&#8221; custom_padding_last_edited=&#8221;on|phone&#8221; hover_enabled=&#8221;0&#8243; global_colors_info=&#8221;{}&#8221; alt=&#8221;Supported by Article19 and Ranking Digital Rights&#8221; sticky_enabled=&#8221;0&#8243;][\/et_pb_image][\/et_pb_column][et_pb_column type=&#8221;1_2&#8243; _builder_version=&#8221;4.25.2&#8243; _module_preset=&#8221;default&#8221; global_colors_info=&#8221;{}&#8221;][\/et_pb_column][et_pb_column type=&#8221;1_4&#8243; _builder_version=&#8221;4.25.2&#8243; _module_preset=&#8221;default&#8221; background_color=&#8221;#FFFFFF&#8221; global_colors_info=&#8221;{}&#8221;][dondivi_menu alignment=&#8221;center&#8221; mi_gap=&#8221;20px&#8221; mi_gap_tablet=&#8221;4px&#8221; mi_gap_phone=&#8221;20px&#8221; mi_gap_last_edited=&#8221;on|phone&#8221; _builder_version=&#8221;4.27.0&#8243; _module_preset=&#8221;default&#8221; custom_margin=&#8221;10px||0px||false|false&#8221; custom_margin_tablet=&#8221;0px||||false|false&#8221; custom_margin_phone=&#8221;0px||||false|false&#8221; custom_margin_last_edited=&#8221;on|phone&#8221; custom_padding=&#8221;5px|30px|||false|false&#8221; custom_padding_tablet=&#8221;15px|10px|||false|false&#8221; custom_padding_phone=&#8221;15px|0px|20px||false|false&#8221; custom_padding_last_edited=&#8221;on|phone&#8221; global_colors_info=&#8221;{}&#8221;][dondivi_menu_item title=&#8221;s\u1ef1 ri\u00eang t\u01b0&#8221; item_content=&#8221;icon&#8221; item_font_icon=&#8221;&#xe06c;||divi||400&#8243; item_icon_color=&#8221;#b2b2b2&#8243; item_icon_width=&#8221;50px&#8221; url=&#8221;https:\/\/claritihria.net\/privacy-policy\/&#8221; url_new_window=&#8221;on&#8221; _builder_version=&#8221;4.25.2&#8243; _module_preset=&#8221;default&#8221; global_colors_info=&#8221;{}&#8221;]N\u1ed9i dung c\u1ee7a b\u1ea1n s\u1ebd \u1edf \u0111\u00e2y. Ch\u1ec9nh s\u1eeda ho\u1eb7c x\u00f3a v\u0103n b\u1ea3n n\u00e0y tr\u1ef1c tuy\u1ebfn ho\u1eb7c trong m\u00f4-\u0111un C\u00e0i \u0111\u1eb7t n\u1ed9i dung. B\u1ea1n c\u0169ng c\u00f3 th\u1ec3 \u0111\u1ecbnh d\u1ea1ng m\u1ecdi kh\u00eda c\u1ea1nh c\u1ee7a n\u1ed9i dung n\u00e0y trong m\u00f4-\u0111un C\u00e0i \u0111\u1eb7t thi\u1ebft k\u1ebf v\u00e0 th\u1eadm ch\u00ed \u00e1p d\u1ee5ng CSS t\u00f9y ch\u1ec9nh cho v\u0103n b\u1ea3n n\u00e0y trong m\u00f4-\u0111un C\u00e0i \u0111\u1eb7t n\u00e2ng cao.  [\/dondivi_menu_item][dondivi_menu_item title=&#8221;gi\u00fap \u0111\u1ee1&#8221; item_content=&#8221;icon&#8221; item_font_icon=&#8221;&#xe064;||divi||400&#8243; item_icon_color=&#8221;#b2b2b2&#8243; item_icon_width=&#8221;50px&#8221; url=&#8221;https:\/\/claritihria.net\/contact\/&#8221; _builder_version=&#8221;4.25.2&#8243; _module_preset=&#8221;default&#8221; global_colors_info=&#8221;{}&#8221;]N\u1ed9i dung c\u1ee7a b\u1ea1n s\u1ebd \u1edf \u0111\u00e2y. Ch\u1ec9nh s\u1eeda ho\u1eb7c x\u00f3a v\u0103n b\u1ea3n n\u00e0y tr\u1ef1c tuy\u1ebfn ho\u1eb7c trong m\u00f4-\u0111un C\u00e0i \u0111\u1eb7t n\u1ed9i dung. B\u1ea1n c\u0169ng c\u00f3 th\u1ec3 \u0111\u1ecbnh d\u1ea1ng m\u1ecdi kh\u00eda c\u1ea1nh c\u1ee7a n\u1ed9i dung n\u00e0y trong m\u00f4-\u0111un C\u00e0i \u0111\u1eb7t thi\u1ebft k\u1ebf v\u00e0 th\u1eadm ch\u00ed \u00e1p d\u1ee5ng CSS t\u00f9y ch\u1ec9nh cho v\u0103n b\u1ea3n n\u00e0y trong m\u00f4-\u0111un C\u00e0i \u0111\u1eb7t n\u00e2ng cao.  [\/dondivi_menu_item][\/dondivi_menu][\/et_pb_column][\/et_pb_row][\/et_pb_section]<\/p>\n","protected":false},"excerpt":{"rendered":"<p><div class=\"et_pb_module dondivi_grid dondivi_grid_0\">\n\t\t\t\t\n\t\t\t\t\n\t\t\t\t\n\t\t\t\t\n\t\t\t\t\n\t\t\t\t\n\t\t\t\t<div class=\"et_pb_module_inner\">\n\t\t\t\t\t<div class=\"ddb-grid\"><div class=\"et_pb_module dondivi_grid_item dondivi_grid_item_0\">\n\t\t\t\t\n\t\t\t\t\n\t\t\t\t\n\t\t\t\t\n\t\t\t\t\n\t\t\t\t\n\t\t\t\t<div class=\"et_pb_module_inner\">\n\t\t\t\t\t<div class=\"ddb-grid-content\"><div class=\"ddb-custom-grid-item ddb-f\"><div class=\"ddb-content\"><h4 class=\"ddb-grid-item-title\"><span>Li\u00ean h\u1ec7<\/span><\/h4><div class=\"ddb-grid-item-body ddb-pb\"><div class=\"frm_forms  with_frm_style frm_style_phase-2-16-define-workplan\" id=\"frm_form_8_container\" data-token=\"904b69773bc30498f302e393a92e553d\" data-token=\"904b69773bc30498f302e393a92e553d\">\n<form enctype=\"multipart\/form-data\" method=\"post\" class=\"frm-show-form  frm_pro_form \" id=\"form_30sjp\" data-token=\"904b69773bc30498f302e393a92e553d\" data-token=\"904b69773bc30498f302e393a92e553d\">\n<div class=\"frm_form_fields \">\n<fieldset>\n<legend class=\"frm_screen_reader\">Bi\u1ec3u m\u1eabu li\u00ean h\u1ec7<\/legend>\r\n\r\n<div class=\"frm_fields_container\">\n<input type=\"hidden\" name=\"frm_action\" value=\"create\" \/>\n<input type=\"hidden\" name=\"form_id\" value=\"8\" \/>\n<input type=\"hidden\" name=\"frm_hide_fields_8\" id=\"frm_hide_fields_8\" value=\"\" \/>\n<input type=\"hidden\" name=\"form_key\" value=\"30sjp\" \/>\n<input type=\"hidden\" name=\"item_meta[0]\" value=\"\" \/>\n<input type=\"hidden\" id=\"frm_submit_entry_8\" name=\"frm_submit_entry_8\" value=\"53545e0042\" \/><input type=\"hidden\" name=\"_wp_http_referer\" value=\"\/vi\/wp-json\/wp\/v2\/pages\/1894\" \/>\t\t<input  type=\"hidden\" name=\"item_meta[2367]\" id=\"field_zafs7\" value=\"vi\"  data-frmval=\"vi\" class=\"form-control\"   \/>\n\t\t<input type=\"hidden\" name=\"item_meta[106]\" id=\"field_6yvbo\" value=\"\" data-frmval=\"\"\/>\n<div id=\"frm_field_1475_container\" class=\"frm_form_field form-field  frm_required_field form-group frm_top_container frm6 frm_first\">\r\n\t<div  id=\"field_y0zld_label\" class=\"frm_primary_label col-form-label form-label\">T\u00ean\r\n\t\t<span class=\"frm_required\" aria-hidden=\"true\">*<\/span>\r\n\t<\/div>\r\n\t<fieldset aria-labelledby=\"field_y0zld_label\">\n\t<legend class=\"frm_screen_reader frm_hidden\">\n\t\tT\u00ean\t<\/legend>\n\n\t<div  class=\"frm_combo_inputs_container\" id=\"frm_combo_inputs_container_1475\" data-name-layout=\"first_last\">\n\t\t\t\t\t<div\n\t\t\t\tid=\"frm_field_1475-first_container\"\n\t\t\t\tclass=\"frm_form_field form-field frm_form_subfield-first  frm6\"\n\t\t\t\tdata-sub-field-name=\"first\"\n\t\t\t>\n\t\t\t\t<label for=\"field_y0zld_first\" class=\"frm_screen_reader frm_hidden\">\n\t\t\t\t\tT\u00ean \u0111\u00e3 cho\t\t\t\t<\/label>\n\n\t\t\t\t<input  type=\"text\" id=\"field_y0zld_first\" value=\"\" name=\"item_meta[1475][first]\" autocomplete=\"given-name\" data-reqmsg=\"T\u00ean kh\u00f4ng \u0111\u01b0\u1ee3c \u0111\u1ec3 tr\u1ed1ng.\" aria-required=\"true\" data-invmsg=\"T\u00ean is invalid\" class=\"form-control\" aria-invalid=\"false\"  \/><div class=\"frm_description\" id=\"frm_field_1475_first_desc\">T\u00ean \u0111\u00e3 cho<\/div>\t\t\t<\/div>\n\t\t\t\t\t\t<div\n\t\t\t\tid=\"frm_field_1475-last_container\"\n\t\t\t\tclass=\"frm_form_field form-field frm_form_subfield-last  frm6\"\n\t\t\t\tdata-sub-field-name=\"last\"\n\t\t\t>\n\t\t\t\t<label for=\"field_y0zld_last\" class=\"frm_screen_reader frm_hidden\">\n\t\t\t\t\tH\u1ecd\t\t\t\t<\/label>\n\n\t\t\t\t<input  type=\"text\" id=\"field_y0zld_last\" value=\"\" name=\"item_meta[1475][last]\" autocomplete=\"family-name\" data-reqmsg=\"T\u00ean kh\u00f4ng \u0111\u01b0\u1ee3c \u0111\u1ec3 tr\u1ed1ng.\" aria-required=\"true\" data-invmsg=\"T\u00ean is invalid\" class=\"form-control\" aria-invalid=\"false\"  \/><div class=\"frm_description\" id=\"frm_field_1475_last_desc\">H\u1ecd<\/div>\t\t\t<\/div>\n\t\t\t\t<\/div>\n<\/fieldset>\n\r\n\t\r\n\t\r\n<\/div>\n<div id=\"frm_field_1480_container\" class=\"frm_form_field form-field  form-group frm_top_container frm6\">\r\n\t<label for=\"field_ehwt9\" id=\"field_ehwt9_label\" class=\"frm_primary_label col-form-label form-label\">T\u1ed5 ch\u1ee9c\r\n\t\t<span class=\"frm_required\" aria-hidden=\"true\"><\/span>\r\n\t<\/label>\r\n\t<input  type=\"text\" id=\"field_ehwt9\" name=\"item_meta[1480]\" value=\"\"  data-invmsg=\"T\u1ed5 ch\u1ee9c kh\u00f4ng h\u1ee3p l\u1ec7\" class=\"form-control\" aria-invalid=\"false\"   \/>\r\n\t\r\n\t\r\n<\/div>\n<div id=\"frm_field_1476_container\" class=\"frm_form_field form-field  frm_required_field form-group frm_top_container frm6 frm_first\">\r\n\t<label for=\"field_l7eyy\" id=\"field_l7eyy_label\" class=\"frm_primary_label col-form-label form-label\">E-mail\r\n\t\t<span class=\"frm_required\" aria-hidden=\"true\">*<\/span>\r\n\t<\/label>\r\n\t<input type=\"email\" id=\"field_l7eyy\" name=\"item_meta[1476]\" value=\"\"  autocomplete=\"email\"  data-reqmsg=\"E-mail kh\u00f4ng \u0111\u01b0\u1ee3c \u0111\u1ec3 tr\u1ed1ng.\" aria-required=\"true\" data-invmsg=\"E-mail kh\u00f4ng h\u1ee3p l\u1ec7\" class=\"form-control\" aria-invalid=\"false\"  \/>\r\n\t\r\n\t\r\n<\/div>\n<div id=\"frm_field_1479_container\" class=\"frm_form_field form-field  frm_required_field form-group frm_top_container frm6\">\r\n\t<label for=\"field_usa21\" id=\"field_usa21_label\" class=\"frm_primary_label col-form-label form-label\">L\u00fd do li\u00ean h\u1ec7\r\n\t\t<span class=\"frm_required\" aria-hidden=\"true\">*<\/span>\r\n\t<\/label>\r\n\t\t\t<select name=\"item_meta[1479]\" id=\"field_usa21\"  data-reqmsg=\"L\u00fd do li\u00ean h\u1ec7 kh\u00f4ng \u0111\u01b0\u1ee3c \u0111\u1ec3 tr\u1ed1ng.\" aria-required=\"true\" data-invmsg=\"L\u00fd do li\u00ean h\u1ec7  kh\u00f4ng h\u1ee3p l\u1ec7\" class=\"form-control\" aria-invalid=\"false\"  >\n\t\t<option  value=\"\" selected='selected'> <\/option><option  value=\"General Inquiry\">Y\u00eau c\u1ea7u chung<\/option><option  value=\"Support Request\">Y\u00eau c\u1ea7u h\u1ed7 tr\u1ee3<\/option><option  value=\"Bug Report\">B\u00e1o c\u00e1o l\u1ed7i<\/option><option  value=\"Other\">Kh\u00e1c<\/option>\t<\/select>\n\t\r\n\t\r\n\t\r\n<\/div>\n<div id=\"frm_field_1477_container\" class=\"frm_form_field form-field  frm_required_field form-group frm_top_container\">\r\n\t<label for=\"field_smhtq\" id=\"field_smhtq_label\" class=\"frm_primary_label col-form-label form-label\">Tin nh\u1eafn c\u1ee7a b\u1ea1n\r\n\t\t<span class=\"frm_required\" aria-hidden=\"true\">*<\/span>\r\n\t<\/label>\r\n\t<textarea name=\"item_meta[1477]\" id=\"field_smhtq\" rows=\"5\"  data-reqmsg=\"Tin nh\u1eafn c\u1ee7a b\u1ea1n kh\u00f4ng \u0111\u01b0\u1ee3c \u0111\u1ec3 tr\u1ed1ng.\" aria-required=\"true\" data-invmsg=\"Tin nh\u1eafn c\u1ee7a b\u1ea1n kh\u00f4ng h\u1ee3p l\u1ec7\" class=\"form-control\" aria-invalid=\"false\"  ><\/textarea>\r\n\t\r\n\t\r\n<\/div>\n<div id=\"frm_field_2366_container\" class=\"frm_form_field form-field  frm_required_field form-group frm_top_container\">\r\n\t<div  id=\"field_e04l4_label\" class=\"frm_primary_label col-form-label form-label\">S\u1ef1 \u0111\u1ed3ng \u00fd c\u1ee7a GDPR\r\n\t\t<span class=\"frm_required\" aria-hidden=\"true\">*<\/span>\r\n\t<\/div>\r\n\t\n<div class=\"frm_checkbox\" role=\"group\" aria-labelledby=\"frm-gdpr-accept-2366\">\n\t<label for=\"frm-gdpr-accept-2366\">\n\t\t<input type=\"checkbox\" aria-required=\"true\" name=\"item_meta[2366]\" id=\"frm-gdpr-accept-2366\" value=\"1\" \n\t\t \t\t data-reqmsg=\"S\u1ef1 \u0111\u1ed3ng \u00fd c\u1ee7a GDPR kh\u00f4ng \u0111\u01b0\u1ee3c \u0111\u1ec3 tr\u1ed1ng.\" aria-required=\"true\" data-invmsg=\"S\u1ef1 \u0111\u1ed3ng \u00fd c\u1ee7a GDPR is invalid\" class=\"form-control\" aria-invalid=\"false\"  \t\t\/>\n\t\tI consent to having this website store my submitted information so they can respond to my inquiry.\t<\/label>\n<\/div>\n\r\n\t\r\n\t\r\n<\/div>\n<div id=\"frm_field_1478_container\" class=\"frm_form_field form-field  form-group frm_none_container\">\r\n\t<label for=\"cf-turnstile-response\" id=\"field_4pk3x_label\" class=\"frm_primary_label col-form-label form-label\">M\u00e3 x\u00e1c th\u1ef1c\r\n\t\t<span class=\"frm_required\" aria-hidden=\"true\"><\/span>\r\n\t<\/label>\r\n\t<div  id=\"field_4pk3x\" class=\"frm-cf-turnstile\" data-sitekey=\"0x4AAAAAAAzL4XjAp0YSUVON\" data-language=\"vi-VN\" data-size=\"normal\" data-theme=\"light\"><\/div>\r\n\t\r\n\t\r\n<\/div>\n<div id=\"frm_field_105_container\" class=\"frm_form_field form-field  form-group\">\r\n\t<div class=\"form-group frm_submit frm_flex\">\r\n<button class=\"frm_button_submit btn btn-secondary frm_final_submit\" type=\"submit\"   formnovalidate=\"formnovalidate\">G\u1eecI<\/button>\r\n\r\n\r\n\r\n<\/div>\r\n<\/div>\n\t<input type=\"hidden\" name=\"item_key\" value=\"\" \/>\n\t\t\t<div id=\"frm_field_2388_container\">\n\t\t\t<label for=\"field_7fpu\" >\n\t\t\t\tIf you are human, leave this field blank.\t\t\t<\/label>\n\t\t\t<input  id=\"field_7fpu\" type=\"text\" class=\"frm_form_field form-field frm_verify\" name=\"item_meta[2388]\" value=\"\"  \/>\n\t\t<\/div>\n\t\t<input name=\"frm_state\" type=\"hidden\" value=\"tZR3XyLNrJsxZXmGhwGm+jHICPvkdXJsl9XDeMEXmVD9oZVtSCQjv5LMNUXsjl5d\" \/><\/div>\n<\/fieldset>\n<\/div>\n\n<\/form>\n<\/div>\n<\/div><\/div><\/div><\/div>\n\t\t\t\t<\/div>\n\t\t\t<\/div><\/div>\n\t\t\t\t<\/div>\n\t\t\t<\/div><div class=\"et_pb_module dondivi_menu dondivi_menu_0\">\n\t\t\t\t\n\t\t\t\t\n\t\t\t\t\n\t\t\t\t\n\t\t\t\t\n\t\t\t\t\n\t\t\t\t<div class=\"et_pb_module_inner\">\n\t\t\t\t\t<div class=\"ddb-menu-wrapper ddb-f ddb-f-c\"><div class=\"ddb-menu ddb-f ddb-f-w ddb-w-100\" role=\"menu\"><\/div><\/div>\n\t\t\t\t<\/div>\n\t\t\t<\/div><div class=\"et_pb_module dondivi_menu_item dondivi_menu_item_0\" role=\"menuitem\">\n\t\t\t\t\n\t\t\t\t\n\t\t\t\t\n\t\t\t\t\n\t\t\t\t\n\t\t\t\t\n\t\t\t\t<div class=\"et_pb_module_inner\">\n\t\t\t\t\t<div class=\"ddb-item-wrapper\"><a href=\"https:\/\/claritihria.net\/privacy-policy\/\" target=\"_blank\" class=\"ddb-item ddb-f ddb-f-c ddb-p-s ddb-dark ddb-bss\"><div class=\"ddb-item-content ddb-f ddb-f-c ddb-w-100\"><div class=\"ddb-item-content-inner ddb-rel ddb-f ddb-f-c\"><span tabindex=\"0\" aria-label=\"Icon\" class=\"ddb-icon notranslate\">\ue06c<\/span><\/div><\/div><\/a><\/div>\n\t\t\t\t<\/div>\n\t\t\t<\/div>N\u1ed9i dung c\u1ee7a b\u1ea1n s\u1ebd \u1edf \u0111\u00e2y. Ch\u1ec9nh s\u1eeda [&hellip;]<\/p>\n","protected":false},"author":1,"featured_media":0,"parent":0,"menu_order":0,"comment_status":"closed","ping_status":"closed","template":"","meta":{"_et_pb_use_builder":"on","_et_pb_old_content":"","_et_gb_content_width":"","footnotes":""},"class_list":["post-1894","page","type-page","status-publish","hentry"],"_links":{"self":[{"href":"https:\/\/claritihria.net\/vi\/wp-json\/wp\/v2\/pages\/1894","targetHints":{"allow":["GET"]}}],"collection":[{"href":"https:\/\/claritihria.net\/vi\/wp-json\/wp\/v2\/pages"}],"about":[{"href":"https:\/\/claritihria.net\/vi\/wp-json\/wp\/v2\/types\/page"}],"author":[{"embeddable":true,"href":"https:\/\/claritihria.net\/vi\/wp-json\/wp\/v2\/users\/1"}],"replies":[{"embeddable":true,"href":"https:\/\/claritihria.net\/vi\/wp-json\/wp\/v2\/comments?post=1894"}],"version-history":[{"count":5,"href":"https:\/\/claritihria.net\/vi\/wp-json\/wp\/v2\/pages\/1894\/revisions"}],"predecessor-version":[{"id":4074,"href":"https:\/\/claritihria.net\/vi\/wp-json\/wp\/v2\/pages\/1894\/revisions\/4074"}],"wp:attachment":[{"href":"https:\/\/claritihria.net\/vi\/wp-json\/wp\/v2\/media?parent=1894"}],"curies":[{"name":"wp","href":"https:\/\/api.w.org\/{rel}","templated":true}]}}