{"id":1874,"date":"2024-05-30T13:49:17","date_gmt":"2024-05-30T13:49:17","guid":{"rendered":"https:\/\/claritihria.net\/dang-nhap\/"},"modified":"2025-10-26T18:08:04","modified_gmt":"2025-10-26T18:08:04","slug":"dang-nhap","status":"publish","type":"page","link":"https:\/\/claritihria.net\/vi\/dang-nhap\/","title":{"rendered":"\u0110\u0103ng nh\u1eadp"},"content":{"rendered":"<p>[et_pb_section fb_built=&#8221;1&#8243; _builder_version=&#8221;4.25.1&#8243; _module_preset=&#8221;default&#8221; background_enable_color=&#8221;off&#8221; use_background_color_gradient=&#8221;on&#8221; background_color_gradient_direction=&#8221;207deg&#8221; background_color_gradient_stops=&#8221;rgba(242,242,242,0.08) 0%|rgba(10,10,10,0.74) 100%&#8221; background_color_gradient_overlays_image=&#8221;on&#8221; background_image=&#8221;https:\/\/claritihria.net\/wp-content\/uploads\/2024\/05\/a59a2bbf-bb3d-4ac0-acbb-79c435ece656_out-1504&#215;944.jpg&#8221; parallax=&#8221;on&#8221; custom_margin=&#8221;||||false|false&#8221; custom_padding=&#8221;20px||||false|false&#8221; global_colors_info=&#8221;{}&#8221;][et_pb_row disabled_on=&#8221;off|off|off&#8221; _builder_version=&#8221;4.27.0&#8243; _module_preset=&#8221;default&#8221; background_color=&#8221;#FFFFFF&#8221; custom_margin=&#8221;80px||||false|false&#8221; custom_padding=&#8221;50px|50px|50px|50px|true|true&#8221; border_radii=&#8221;on|20px|20px|20px|20px&#8221; global_colors_info=&#8221;{}&#8221;][et_pb_column type=&#8221;4_4&#8243; _builder_version=&#8221;4.25.1&#8243; _module_preset=&#8221;default&#8221; global_colors_info=&#8221;{}&#8221;][et_pb_text _builder_version=&#8221;4.27.0&#8243; _module_preset=&#8221;default&#8221; display_conditions=&#8221;W3siaWQiOiIzMmYyMDMwNi1jYjBlLTQzYzEtYjc2Mi1iN2I5ZTlmZTFmMjUiLCJjb25kaXRpb24iOiJsb2dnZWRJblN0YXR1cyIsImNvbmRpdGlvblNldHRpbmdzIjp7ImRpc3BsYXlSdWxlIjoibG9nZ2VkSW4iLCJhZG1pbkxhYmVsIjoiTG9nZ2VkIGluIE5vdGlmaWNhdGlvbiIsImVuYWJsZUNvbmRpdGlvbiI6Im9uIn0sIm9wZXJhdG9yIjoiT1IifV0=&#8221; global_colors_info=&#8221;{}&#8221;]<\/p>\n<p>Hi\u1ec7n t\u1ea1i b\u1ea1n \u0111\u00e3 \u0111\u0103ng nh\u1eadp v\u00e0o CLARITI. N\u1ebfu b\u1ea1n c\u1ea7n chuy\u1ec3n \u0111\u1ed5i ng\u01b0\u1eddi d\u00f9ng ho\u1eb7c \u0111\u0103ng xu\u1ea5t, vui l\u00f2ng nh\u1ea5n v\u00e0o li\u00ean k\u1ebft &#8221; <strong>\u0110\u0103ng xu\u1ea5t<\/strong> &#8221; b\u00ean d\u01b0\u1edbi. N\u1ebfu b\u1ea1n c\u1ea7n \u0111i\u1ec1u h\u01b0\u1edbng \u0111\u1ebfn n\u01a1i kh\u00e1c tr\u00ean trang web, vui l\u00f2ng s\u1eed d\u1ee5ng menu \u1edf \u0111\u1ea7u m\u00e0n h\u00ecnh. \u0110\u1ed1i v\u1edbi thi\u1ebft b\u1ecb di \u0111\u1ed9ng, c\u00f3 th\u1ec3 truy c\u1eadp menu b\u1eb1ng c\u00e1ch nh\u1ea5p v\u00e0o menu hamburger \u1edf g\u00f3c tr\u00ean b\u00ean ph\u1ea3i.   <\/p>\n<p>[\/et_pb_text][et_pb_code _builder_version=&#8221;4.27.0&#8243; _module_preset=&#8221;default&#8221; border_radii=&#8221;on|20px|20px|20px|20px&#8221; global_colors_info=&#8221;{}&#8221;]\n<div id=\"loginform-0\" class=\"frm_forms with_frm_style frm_style_sign-up frm_login_form\">\n\n\t\t<form method=\"post\" action=\"https:\/\/claritihria.net\/wp-login.php\" >\n\n\t\t\n\t\t\t\t<div class=\"frm_form_fields\">\n\t\t\t<fieldset>\n\t\t\t\t<div class=\"frm_fields_container\">\n\n\t\t\t\t<div class=\"frm_form_field form-field login-username frm_top_container\">\n\t\t\t\t\t<label for=\"user_login0\" class=\"frm_primary_label\">Email or Username\t\t\t\t\t<\/label>\n\t\t\t\t\t<input id=\"user_login0\" name=\"log\" value=\"\" placeholder=\"\" type=\"text\">\n\t\t\t\t<\/div>\n\n\t\t\t\t<div class=\"frm_form_field form-field login-password frm_top_container\">\n\t\t\t\t\t<label for=\"user_pass0\" class=\"frm_primary_label\">M\u1eadt kh\u1ea9u\t\t\t\t\t<\/label>\n\t\t\t\t\t<input id=\"user_pass0\" name=\"pwd\" value=\"\" type=\"password\" placeholder=\"Password\" >\n\t\t\t\t<\/div>\n\n\t\t\t\t<input type=\"hidden\" name=\"redirect_to\" value=\"https:\/\/claritihria.net\/vi\/?page_id=1918\" \/>\n\n\t\t\t\t\n\t\t\t\t\t\t\t\t<div class=\"frm_form_field form-field frm_none_container login-remember frm_first frm_half\">\n\t\t\t\t\t<div class=\"frm_opt_container\">\n\t\t\t\t\t\t<div class=\"frm_checkbox\">\n\t\t\t\t\t\t\t<label for=\"rememberme0\">\n\t\t\t\t\t\t\t\t<input name=\"rememberme\" id=\"rememberme0\" value=\"forever\" type=\"checkbox\" \/>Remember Me\t\t\t\t\t\t\t<\/label>\n\t\t\t\t\t\t<\/div>\n\t\t\t\t\t<\/div>\n\t\t\t\t<\/div>\n\t\t\t\t\n\t\t\t\t\t\t\t\t<div class=\"frm_form_field frm_html_container form-field login_lost_pw frm_half\">\n\t\t\t\t\t<a class=\"forgot-password\" href=\"https:\/\/claritihria.net\/password-reset\/\">\n\t\t\t\t\t\tQu\u00ean M\u1eadt kh\u1ea9u?\t\t\t\t\t<\/a>\n\t\t\t\t<\/div>\n\t\t\t\t\n\t\t\t\t\t\t<div class=\"frm_submit\">\n\t\t\t<input type=\"submit\" name=\"wp-submit\" id=\"wp-submit0\" value=\"Signin\" \/>\n\t\t<\/div>\n\t\t<div style=\"clear:both;\"><\/div>\n\n\t\t\n\t\t\t\t\n\t\t\t\t<div style=\"clear:both;\"><\/div>\n\n\t\t\t\t<\/div><!-- End .frm_fields_container -->\n\t\t\t<\/fieldset>\n\t\t<\/div>\n\t<\/form>\n<\/div>\n[\/et_pb_code][dondivi_grid grid_columns=&#8221;1&#8243; _builder_version=&#8221;4.27.4&#8243; _module_preset=&#8221;default&#8221; display_conditions=&#8221;W3siaWQiOiI5OTY4MzkyNy1jMDk4LTRhNzctOTA1Yi05ZDg3MGQ3OTVmN2MiLCJjb25kaXRpb24iOiJsb2dnZWRJblN0YXR1cyIsImNvbmRpdGlvblNldHRpbmdzIjp7ImRpc3BsYXlSdWxlIjoibG9nZ2VkT3V0IiwiYWRtaW5MYWJlbCI6IkxvZ2dlZCBJbiBTdGF0dXMiLCJlbmFibGVDb25kaXRpb24iOiJvbiJ9LCJvcGVyYXRvciI6Ik9SIn1d&#8221; global_colors_info=&#8221;{}&#8221;][dondivi_grid_item cc_title=&#8221;C\u1ea7n \u0111\u0103ng k\u00fd kh\u00f4ng?&#8221; cc_button_text=&#8221;\u0110\u0103ng k\u00fd t\u1ea1i \u0111\u00e2y&#8221; cc_button_url=&#8221;https:\/\/claritihria.net\/vi\/dang-ky\/&#8221; _builder_version=&#8221;4.27.4&#8243; _module_preset=&#8221;default&#8221; background_color=&#8221;RGBA(255,255,255,0)&#8221; background_enable_color=&#8221;on&#8221; custom_button=&#8221;on&#8221; button_text_color=&#8221;#FFFFFF&#8221; button_bg_color=&#8221;#1b5275&#8243; button_border_width=&#8221;0px&#8221; button_border_radius=&#8221;10px&#8221; button_font=&#8221;|700|||||||&#8221; button_use_icon=&#8221;on&#8221; button_icon=&#8221;&#x45;||divi||400&#8243; button_on_hover=&#8221;on&#8221; button_alignment=&#8221;left&#8221; custom_padding=&#8221;10px|0px|10px|0px|true|true&#8221; global_colors_info=&#8221;{}&#8221; button_bg_color__hover_enabled=&#8221;on|desktop&#8221; button_bg_color__hover=&#8221;#ffc100&#8243; button_bg_enable_color__hover=&#8221;on&#8221; button_text_color__hover_enabled=&#8221;on|desktop&#8221; button_text_color__hover=&#8221;#1b5275&#8243;][\/dondivi_grid_item][\/dondivi_grid][\/et_pb_column][\/et_pb_row][et_pb_row _builder_version=&#8221;4.25.1&#8243; _module_preset=&#8221;default&#8221; global_colors_info=&#8221;{}&#8221;][et_pb_column type=&#8221;4_4&#8243; _builder_version=&#8221;4.25.1&#8243; _module_preset=&#8221;default&#8221; global_colors_info=&#8221;{}&#8221;][et_pb_text _builder_version=&#8221;4.27.0&#8243; _module_preset=&#8221;default&#8221; background_color=&#8221;#FFFFFF&#8221; display_conditions=&#8221;W3siaWQiOiI5ODNkNzgxNC1lZjMwLTQ0NjUtYjU2Ni1jYjllOWJhY2E2OTQiLCJjb25kaXRpb24iOiJwYWdlVmlzaXQiLCJjb25kaXRpb25TZXR0aW5ncyI6eyJkaXNwbGF5UnVsZSI6Imhhc05vdFZpc2l0ZWRTcGVjaWZpY1BhZ2UiLCJwYWdlcyI6W3sibGFiZWwiOiJQaGFzZSAxOiBXaGF0IGlzIENMQVJJVEk\/IiwidmFsdWUiOiIyMzIifSx7ImxhYmVsIjoiUGhhc2UgMTogV2hhdCBpcyBhbiBIUkREIGFuZCBhbiBIUklBPyIsInZhbHVlIjoiMjE4In0seyJsYWJlbCI6IlBoYXNlIDE6IEhvdyBpcyBDTEFSSVRJIGRlc2lnbmVkPyIsInZhbHVlIjoiMjM3In0seyJsYWJlbCI6IlBoYXNlIDE6IFBoYXNlcyBvZiBDTEFSSVRJIiwidmFsdWUiOiIyNDIifSx7ImxhYmVsIjoiTG9naW4iLCJ2YWx1ZSI6IjY0In1dLCJhZG1pbkxhYmVsIjoiUGFnZSBWaXNpdCIsImVuYWJsZUNvbmRpdGlvbiI6Im9uIn0sIm9wZXJhdG9yIjoiT1IifSx7ImlkIjoiYWIxODQxYmUtMTg3Yi00MzAxLTk2ZTctMzk5NTdlOThlOGU2IiwiY29uZGl0aW9uIjoibG9nZ2VkSW5TdGF0dXMiLCJjb25kaXRpb25TZXR0aW5ncyI6eyJkaXNwbGF5UnVsZSI6ImxvZ2dlZE91dCIsImFkbWluTGFiZWwiOiJMb2dnZWQgSW4gU3RhdHVzIiwiZW5hYmxlQ29uZGl0aW9uIjoib24ifSwib3BlcmF0b3IiOiJPUiJ9XQ==&#8221; custom_padding=&#8221;20px|20px|20px|20px|true|true&#8221; border_radii=&#8221;on|20px|20px|20px|20px&#8221; global_colors_info=&#8221;{}&#8221;]<\/p>\n<p>N\u1ebfu b\u1ea1n v\u1eeba \u0111\u0103ng k\u00fd, vui l\u00f2ng x\u00e1c nh\u1eadn \u0111\u1ecba ch\u1ec9 email c\u1ee7a b\u1ea1n tr\u01b0\u1edbc khi th\u1eed \u0111\u0103ng nh\u1eadp. Trong m\u1ed9t s\u1ed1 tr\u01b0\u1eddng h\u1ee3p, b\u1ea1n c\u00f3 th\u1ec3 c\u1ea7n ki\u1ec3m tra th\u01b0 m\u1ee5c th\u01b0 r\u00e1c \u0111\u1ec3 t\u00ecm email \u0111\u0103ng k\u00fd ho\u1eb7c \u0111\u1eb7t l\u1ea1i m\u1eadt kh\u1ea9u. <\/p>\n<p>[\/et_pb_text][\/et_pb_column][\/et_pb_row][et_pb_row disabled_on=&#8221;on|on|on&#8221; _builder_version=&#8221;4.25.1&#8243; _module_preset=&#8221;default&#8221; disabled=&#8221;on&#8221; global_colors_info=&#8221;{}&#8221;][et_pb_column type=&#8221;4_4&#8243; _builder_version=&#8221;4.25.1&#8243; _module_preset=&#8221;default&#8221; global_colors_info=&#8221;{}&#8221;][et_pb_login title=&#8221;Ch\u00e0o m\u1eebng tr\u1edf l\u1ea1i!&#8221; _builder_version=&#8221;4.25.1&#8243; _module_preset=&#8221;default&#8221; header_font=&#8221;|700|||||||&#8221; header_font_size=&#8221;30px&#8221; body_font=&#8221;|700|||||||&#8221; body_text_color=&#8221;#FFFFFF&#8221; body_font_size=&#8221;16px&#8221; body_link_font=&#8221;|700|||||||&#8221; body_link_text_color=&#8221;#FFFFFF&#8221; body_link_font_size=&#8221;16px&#8221; background_color=&#8221;#1b5275&#8243; custom_button=&#8221;on&#8221; button_text_color=&#8221;#1b5275&#8243; button_bg_color=&#8221;#ffc100&#8243; button_border_width=&#8221;2px&#8221; button_border_color=&#8221;#ffc100&#8243; button_border_radius=&#8221;10px&#8221; button_font=&#8221;|700|||||||&#8221; dbdb_custom_redirect_url=&#8221;https:\/\/claritihria.net\/phase-1-introduction\/&#8221; border_radii=&#8221;on|20px|20px|20px|20px&#8221; border_radii_fields=&#8221;on|10px|10px|10px|10px&#8221; global_colors_info=&#8221;{}&#8221; body_link_font_size__hover_enabled=&#8221;on|hover&#8221; body_link_font_size__hover=&#8221;18px&#8221; body_link_text_color__hover_enabled=&#8221;on|hover&#8221; body_link_text_color__hover=&#8221;#ffc100&#8243;][\/et_pb_login][\/et_pb_column][\/et_pb_row][\/et_pb_section][et_pb_section fb_built=&#8221;1&#8243; _builder_version=&#8221;4.25.2&#8243; _module_preset=&#8221;default&#8221; custom_margin=&#8221;0px||0px||true|false&#8221; custom_padding=&#8221;0px||0px||true|false&#8221; saved_tabs=&#8221;all&#8221; global_colors_info=&#8221;{}&#8221;][et_pb_row column_structure=&#8221;1_4,1_2,1_4&#8243; use_custom_gutter=&#8221;on&#8221; gutter_width=&#8221;2&#8243; _builder_version=&#8221;4.25.2&#8243; _module_preset=&#8221;default&#8221; background_color=&#8221;#FFFFFF&#8221; width=&#8221;100%&#8221; max_width=&#8221;2560px&#8221; custom_margin=&#8221;0px||0px||true|false&#8221; custom_padding=&#8221;0px||0px||true|false&#8221; sticky_position=&#8221;bottom&#8221; sticky_position_tablet=&#8221;none&#8221; sticky_position_phone=&#8221;none&#8221; sticky_position_last_edited=&#8221;on|desktop&#8221; custom_css_main_element=&#8221;display: flex;&#8221; global_colors_info=&#8221;{}&#8221; custom_css_main_element_last_edited=&#8221;on|phone&#8221; custom_css_main_element_phone=&#8221; &#8221; custom_css_main_element_tablet=&#8221;display: flex;&#8221;][et_pb_column type=&#8221;1_4&#8243; _builder_version=&#8221;4.25.2&#8243; _module_preset=&#8221;default&#8221; background_color=&#8221;#FFFFFF&#8221; global_colors_info=&#8221;{}&#8221;][et_pb_image src=&#8221;https:\/\/claritihria.net\/wp-content\/uploads\/2025\/10\/ar19-rdr-vi.webp&#8221; title_text=&#8221;logo rdr&#8221; show_bottom_space=&#8221;off&#8221; align=&#8221;center&#8221; _builder_version=&#8221;4.27.4&#8243; _module_preset=&#8221;default&#8221; max_width_tablet=&#8221;&#8221; max_width_phone=&#8221;80%&#8221; max_width_last_edited=&#8221;on|phone&#8221; custom_margin_tablet=&#8221;||||false|false&#8221; custom_margin_phone=&#8221;0px||||false|false&#8221; custom_margin_last_edited=&#8221;on|tablet&#8221; custom_padding=&#8221;0px||||false|false&#8221; custom_padding_tablet=&#8221;20px||||false|false&#8221; custom_padding_phone=&#8221;10px||||false|false&#8221; custom_padding_last_edited=&#8221;on|phone&#8221; hover_enabled=&#8221;0&#8243; global_colors_info=&#8221;{}&#8221; alt=&#8221;Supported by Article19 and Ranking Digital Rights&#8221; sticky_enabled=&#8221;0&#8243;][\/et_pb_image][\/et_pb_column][et_pb_column type=&#8221;1_2&#8243; _builder_version=&#8221;4.25.2&#8243; _module_preset=&#8221;default&#8221; global_colors_info=&#8221;{}&#8221;][\/et_pb_column][et_pb_column type=&#8221;1_4&#8243; _builder_version=&#8221;4.25.2&#8243; _module_preset=&#8221;default&#8221; background_color=&#8221;#FFFFFF&#8221; global_colors_info=&#8221;{}&#8221;][dondivi_menu alignment=&#8221;center&#8221; mi_gap=&#8221;20px&#8221; mi_gap_tablet=&#8221;4px&#8221; mi_gap_phone=&#8221;20px&#8221; mi_gap_last_edited=&#8221;on|phone&#8221; _builder_version=&#8221;4.27.0&#8243; _module_preset=&#8221;default&#8221; custom_margin=&#8221;10px||0px||false|false&#8221; custom_margin_tablet=&#8221;0px||||false|false&#8221; custom_margin_phone=&#8221;0px||||false|false&#8221; custom_margin_last_edited=&#8221;on|phone&#8221; custom_padding=&#8221;5px|30px|||false|false&#8221; custom_padding_tablet=&#8221;15px|10px|||false|false&#8221; custom_padding_phone=&#8221;15px|0px|20px||false|false&#8221; custom_padding_last_edited=&#8221;on|phone&#8221; global_colors_info=&#8221;{}&#8221;][dondivi_menu_item title=&#8221;s\u1ef1 ri\u00eang t\u01b0&#8221; item_content=&#8221;icon&#8221; item_font_icon=&#8221;&#xe06c;||divi||400&#8243; item_icon_color=&#8221;#b2b2b2&#8243; item_icon_width=&#8221;50px&#8221; url=&#8221;https:\/\/claritihria.net\/privacy-policy\/&#8221; url_new_window=&#8221;on&#8221; _builder_version=&#8221;4.25.2&#8243; _module_preset=&#8221;default&#8221; global_colors_info=&#8221;{}&#8221;]N\u1ed9i dung c\u1ee7a b\u1ea1n s\u1ebd \u1edf \u0111\u00e2y. Ch\u1ec9nh s\u1eeda ho\u1eb7c x\u00f3a v\u0103n b\u1ea3n n\u00e0y tr\u1ef1c tuy\u1ebfn ho\u1eb7c trong m\u00f4-\u0111un C\u00e0i \u0111\u1eb7t n\u1ed9i dung. B\u1ea1n c\u0169ng c\u00f3 th\u1ec3 \u0111\u1ecbnh d\u1ea1ng m\u1ecdi kh\u00eda c\u1ea1nh c\u1ee7a n\u1ed9i dung n\u00e0y trong m\u00f4-\u0111un C\u00e0i \u0111\u1eb7t thi\u1ebft k\u1ebf v\u00e0 th\u1eadm ch\u00ed \u00e1p d\u1ee5ng CSS t\u00f9y ch\u1ec9nh cho v\u0103n b\u1ea3n n\u00e0y trong m\u00f4-\u0111un C\u00e0i \u0111\u1eb7t n\u00e2ng cao.  [\/dondivi_menu_item][dondivi_menu_item title=&#8221;gi\u00fap \u0111\u1ee1&#8221; item_content=&#8221;icon&#8221; item_font_icon=&#8221;&#xe064;||divi||400&#8243; item_icon_color=&#8221;#b2b2b2&#8243; item_icon_width=&#8221;50px&#8221; url=&#8221;https:\/\/claritihria.net\/contact\/&#8221; _builder_version=&#8221;4.25.2&#8243; _module_preset=&#8221;default&#8221; global_colors_info=&#8221;{}&#8221;]N\u1ed9i dung c\u1ee7a b\u1ea1n s\u1ebd \u1edf \u0111\u00e2y. Ch\u1ec9nh s\u1eeda ho\u1eb7c x\u00f3a v\u0103n b\u1ea3n n\u00e0y tr\u1ef1c tuy\u1ebfn ho\u1eb7c trong m\u00f4-\u0111un C\u00e0i \u0111\u1eb7t n\u1ed9i dung. B\u1ea1n c\u0169ng c\u00f3 th\u1ec3 \u0111\u1ecbnh d\u1ea1ng m\u1ecdi kh\u00eda c\u1ea1nh c\u1ee7a n\u1ed9i dung n\u00e0y trong m\u00f4-\u0111un C\u00e0i \u0111\u1eb7t thi\u1ebft k\u1ebf v\u00e0 th\u1eadm ch\u00ed \u00e1p d\u1ee5ng CSS t\u00f9y ch\u1ec9nh cho v\u0103n b\u1ea3n n\u00e0y trong m\u00f4-\u0111un C\u00e0i \u0111\u1eb7t n\u00e2ng cao.  [\/dondivi_menu_item][\/dondivi_menu][\/et_pb_column][\/et_pb_row][\/et_pb_section]<\/p>\n","protected":false},"excerpt":{"rendered":"<p>Hi\u1ec7n t\u1ea1i b\u1ea1n \u0111\u00e3 \u0111\u0103ng nh\u1eadp v\u00e0o CLARITI. N\u1ebfu b\u1ea1n c\u1ea7n chuy\u1ec3n \u0111\u1ed5i ng\u01b0\u1eddi d\u00f9ng ho\u1eb7c \u0111\u0103ng xu\u1ea5t, vui l\u00f2ng nh\u1ea5n v\u00e0o li\u00ean k\u1ebft &#8221; \u0110\u0103ng xu\u1ea5t &#8221; b\u00ean d\u01b0\u1edbi. N\u1ebfu b\u1ea1n c\u1ea7n \u0111i\u1ec1u h\u01b0\u1edbng \u0111\u1ebfn n\u01a1i kh\u00e1c tr\u00ean trang web, vui l\u00f2ng s\u1eed d\u1ee5ng menu \u1edf \u0111\u1ea7u m\u00e0n h\u00ecnh. \u0110\u1ed1i v\u1edbi thi\u1ebft b\u1ecb di [&hellip;]<\/p>\n","protected":false},"author":1,"featured_media":0,"parent":0,"menu_order":0,"comment_status":"closed","ping_status":"closed","template":"","meta":{"_et_pb_use_builder":"on","_et_pb_old_content":"","_et_gb_content_width":"","footnotes":""},"class_list":["post-1874","page","type-page","status-publish","hentry"],"_links":{"self":[{"href":"https:\/\/claritihria.net\/vi\/wp-json\/wp\/v2\/pages\/1874","targetHints":{"allow":["GET"]}}],"collection":[{"href":"https:\/\/claritihria.net\/vi\/wp-json\/wp\/v2\/pages"}],"about":[{"href":"https:\/\/claritihria.net\/vi\/wp-json\/wp\/v2\/types\/page"}],"author":[{"embeddable":true,"href":"https:\/\/claritihria.net\/vi\/wp-json\/wp\/v2\/users\/1"}],"replies":[{"embeddable":true,"href":"https:\/\/claritihria.net\/vi\/wp-json\/wp\/v2\/comments?post=1874"}],"version-history":[{"count":5,"href":"https:\/\/claritihria.net\/vi\/wp-json\/wp\/v2\/pages\/1874\/revisions"}],"predecessor-version":[{"id":4069,"href":"https:\/\/claritihria.net\/vi\/wp-json\/wp\/v2\/pages\/1874\/revisions\/4069"}],"wp:attachment":[{"href":"https:\/\/claritihria.net\/vi\/wp-json\/wp\/v2\/media?parent=1874"}],"curies":[{"name":"wp","href":"https:\/\/api.w.org\/{rel}","templated":true}]}}