{"id":1862,"date":"2024-05-30T07:26:53","date_gmt":"2024-05-30T07:26:53","guid":{"rendered":"https:\/\/claritihria.net\/trang-chu\/"},"modified":"2025-10-26T18:08:45","modified_gmt":"2025-10-26T18:08:45","slug":"trang-chu","status":"publish","type":"page","link":"https:\/\/claritihria.net\/vi\/","title":{"rendered":"Trang ch\u1ee7"},"content":{"rendered":"<p>[et_pb_section fb_built=&#8221;1&#8243; _builder_version=&#8221;4.27.0&#8243; _module_preset=&#8221;default&#8221; background_enable_color=&#8221;off&#8221; use_background_color_gradient=&#8221;on&#8221; background_color_gradient_direction=&#8221;207deg&#8221; background_color_gradient_stops=&#8221;rgba(242,242,242,0.08) 0%|rgba(10,10,10,0.74) 100%&#8221; background_color_gradient_overlays_image=&#8221;on&#8221; background_image=&#8221;https:\/\/claritihria.net\/wp-content\/uploads\/2024\/05\/a59a2bbf-bb3d-4ac0-acbb-79c435ece656_out-1504&#215;944.jpg&#8221; parallax=&#8221;on&#8221; global_colors_info=&#8221;{}&#8221;][et_pb_row _builder_version=&#8221;4.25.1&#8243; _module_preset=&#8221;default&#8221; global_colors_info=&#8221;{}&#8221;][et_pb_column type=&#8221;4_4&#8243; _builder_version=&#8221;4.25.1&#8243; _module_preset=&#8221;default&#8221; global_colors_info=&#8221;{}&#8221;][dondivi_grid grid_columns=&#8221;1&#8243; _builder_version=&#8221;4.27.4&#8243; _module_preset=&#8221;default&#8221; image_icon_custom_padding=&#8221;40px|30px|40px|30px|true|true&#8221; custom_margin=&#8221;||||false|false&#8221; custom_padding=&#8221;||||false|false&#8221; border_radii_items=&#8221;on|20px|20px|20px|20px&#8221; global_colors_info=&#8221;{}&#8221;][dondivi_grid_item cc_icon_image=&#8221;image&#8221; cc_image=&#8221;https:\/\/claritihria.net\/wp-content\/uploads\/2024\/08\/CLARITI.webp&#8221; _builder_version=&#8221;4.27.0&#8243; _module_preset=&#8221;default&#8221; background_color=&#8221;rgba(87,87,87,0.63)&#8221; background_enable_color=&#8221;on&#8221; custom_margin=&#8221;||0px||false|false&#8221; custom_padding=&#8221;||20px||false|true&#8221; background_color_tablet=&#8221;rgba(255,255,255,0.7)&#8221; background_color_phone=&#8221;rgba(255,255,255,0.7)&#8221; background_last_edited=&#8221;on|desktop&#8221; background_enable_color_tablet=&#8221;on&#8221; background_enable_color_phone=&#8221;on&#8221; border_radii=&#8221;off|80px|80px||&#8221; border_radii_tablet=&#8221;off|40px|40px||&#8221; border_radii_phone=&#8221;off|20px|20px||&#8221; border_radii_last_edited=&#8221;on|phone&#8221; global_colors_info=&#8221;{}&#8221;][\/dondivi_grid_item][dondivi_grid_item cc_button_text=&#8221;\u0110\u0103ng k\u00fd&#8221; cc_button_url=&#8221;https:\/\/claritihria.net\/register\/&#8221; _builder_version=&#8221;4.27.4&#8243; _module_preset=&#8221;default&#8221; body_font=&#8221;|600|||||||&#8221; body_text_align=&#8221;left&#8221; body_text_color=&#8221;#1b5275&#8243; body_font_size=&#8221;16px&#8221; body_line_height=&#8221;1.8em&#8221; background_color=&#8221;rgba(255,255,255,0.81)&#8221; background_enable_color=&#8221;on&#8221; custom_button=&#8221;on&#8221; button_text_color=&#8221;#FFFFFF&#8221; button_bg_color=&#8221;#1b5275&#8243; button_border_width=&#8221;0px&#8221; button_border_radius=&#8221;10px&#8221; button_font=&#8221;|700|||||||&#8221; button_icon=&#8221;&#x45;||divi||400&#8243; button_icon_color=&#8221;#FFFFFF&#8221; button_alignment=&#8221;left&#8221; custom_margin=&#8221;0px||||false|true&#8221; custom_padding=&#8221;40px|50px|60px|50px|false|true&#8221; body_text_align_tablet=&#8221;center&#8221; body_text_align_phone=&#8221;center&#8221; body_text_align_last_edited=&#8221;on|desktop&#8221; button_alignment_tablet=&#8221;center&#8221; button_alignment_phone=&#8221;center&#8221; button_alignment_last_edited=&#8221;on|phone&#8221; border_radii=&#8221;off|||40px|40px&#8221; global_colors_info=&#8221;{}&#8221; button_bg_color__hover_enabled=&#8221;on|hover&#8221; button_bg_color__hover=&#8221;#ffc100&#8243; button_bg_enable_color__hover=&#8221;on&#8221; button_text_color__hover_enabled=&#8221;on|hover&#8221; button_text_color__hover=&#8221;#1b5275&#8243; button_icon_color__hover_enabled=&#8221;on|hover&#8221; button_icon_color__hover=&#8221;#1b5275&#8243;]<\/p>\n<p>CLARITI l\u00e0 \u1ee9ng d\u1ee5ng web \u0111\u00e1nh gi\u00e1 t\u00e1c \u0111\u1ed9ng nh\u00e2n quy\u1ec1n (HRIA) do c\u1ed9ng \u0111\u1ed3ng t\u1ef1 h\u1ecdc d\u00e0nh cho c\u00e1c c\u00f4ng ty c\u00f4ng ngh\u1ec7 v\u00e0 c\u00f4ng ty vi\u1ec5n th\u00f4ng, d\u1ef1a tr\u00ean Nguy\u00ean t\u1eafc h\u01b0\u1edbng d\u1eabn c\u1ee7a Li\u00ean h\u1ee3p qu\u1ed1c v\u1ec1 Kinh doanh v\u00e0 Nh\u00e2n quy\u1ec1n. B\u1ea1n c\u00f3 th\u1ec3 s\u1eed d\u1ee5ng CLARITI \u0111\u1ec3 t\u1ea1o b\u00e1o c\u00e1o HRIA nh\u1eb1m thu h\u00fat c\u00e1c c\u00f4ng ty n\u00e0y. Vui l\u00f2ng \u0111\u0103ng k\u00fd \u0111\u1ec3 b\u1eaft \u0111\u1ea7u s\u1eed d\u1ee5ng CLARITI.<\/p>\n<p>[\/dondivi_grid_item][\/dondivi_grid][\/et_pb_column][\/et_pb_row][\/et_pb_section][et_pb_section fb_built=&#8221;1&#8243; _builder_version=&#8221;4.25.2&#8243; _module_preset=&#8221;default&#8221; custom_margin=&#8221;0px||0px||true|false&#8221; custom_padding=&#8221;0px||0px||true|false&#8221; saved_tabs=&#8221;all&#8221; global_colors_info=&#8221;{}&#8221;][et_pb_row column_structure=&#8221;1_4,1_2,1_4&#8243; use_custom_gutter=&#8221;on&#8221; gutter_width=&#8221;2&#8243; _builder_version=&#8221;4.25.2&#8243; _module_preset=&#8221;default&#8221; background_color=&#8221;#FFFFFF&#8221; width=&#8221;100%&#8221; max_width=&#8221;2560px&#8221; custom_margin=&#8221;0px||0px||true|false&#8221; custom_padding=&#8221;0px||0px||true|false&#8221; sticky_position=&#8221;bottom&#8221; sticky_position_tablet=&#8221;none&#8221; sticky_position_phone=&#8221;none&#8221; sticky_position_last_edited=&#8221;on|desktop&#8221; custom_css_main_element=&#8221;display: flex;&#8221; global_colors_info=&#8221;{}&#8221; custom_css_main_element_last_edited=&#8221;on|phone&#8221; custom_css_main_element_phone=&#8221; &#8221; custom_css_main_element_tablet=&#8221;display: flex;&#8221;][et_pb_column type=&#8221;1_4&#8243; _builder_version=&#8221;4.25.2&#8243; _module_preset=&#8221;default&#8221; background_color=&#8221;#FFFFFF&#8221; global_colors_info=&#8221;{}&#8221;][et_pb_image src=&#8221;https:\/\/claritihria.net\/wp-content\/uploads\/2025\/10\/ar19-rdr-vi.webp&#8221; title_text=&#8221;logo rdr&#8221; show_bottom_space=&#8221;off&#8221; align=&#8221;center&#8221; _builder_version=&#8221;4.27.4&#8243; _module_preset=&#8221;default&#8221; max_width_tablet=&#8221;&#8221; max_width_phone=&#8221;80%&#8221; max_width_last_edited=&#8221;on|phone&#8221; custom_margin_tablet=&#8221;||||false|false&#8221; custom_margin_phone=&#8221;0px||||false|false&#8221; custom_margin_last_edited=&#8221;on|tablet&#8221; custom_padding=&#8221;0px||||false|false&#8221; custom_padding_tablet=&#8221;20px||||false|false&#8221; custom_padding_phone=&#8221;10px||||false|false&#8221; custom_padding_last_edited=&#8221;on|phone&#8221; hover_enabled=&#8221;0&#8243; global_colors_info=&#8221;{}&#8221; alt=&#8221;Supported by Article19 and Ranking Digital Rights&#8221; sticky_enabled=&#8221;0&#8243;][\/et_pb_image][\/et_pb_column][et_pb_column type=&#8221;1_2&#8243; _builder_version=&#8221;4.25.2&#8243; _module_preset=&#8221;default&#8221; global_colors_info=&#8221;{}&#8221;][\/et_pb_column][et_pb_column type=&#8221;1_4&#8243; _builder_version=&#8221;4.25.2&#8243; _module_preset=&#8221;default&#8221; background_color=&#8221;#FFFFFF&#8221; global_colors_info=&#8221;{}&#8221;][dondivi_menu alignment=&#8221;center&#8221; mi_gap=&#8221;20px&#8221; mi_gap_tablet=&#8221;4px&#8221; mi_gap_phone=&#8221;20px&#8221; mi_gap_last_edited=&#8221;on|phone&#8221; _builder_version=&#8221;4.27.0&#8243; _module_preset=&#8221;default&#8221; custom_margin=&#8221;10px||0px||false|false&#8221; custom_margin_tablet=&#8221;0px||||false|false&#8221; custom_margin_phone=&#8221;0px||||false|false&#8221; custom_margin_last_edited=&#8221;on|phone&#8221; custom_padding=&#8221;5px|30px|||false|false&#8221; custom_padding_tablet=&#8221;15px|10px|||false|false&#8221; custom_padding_phone=&#8221;15px|0px|20px||false|false&#8221; custom_padding_last_edited=&#8221;on|phone&#8221; global_colors_info=&#8221;{}&#8221;][dondivi_menu_item title=&#8221;s\u1ef1 ri\u00eang t\u01b0&#8221; item_content=&#8221;icon&#8221; item_font_icon=&#8221;&#xe06c;||divi||400&#8243; item_icon_color=&#8221;#b2b2b2&#8243; item_icon_width=&#8221;50px&#8221; url=&#8221;https:\/\/claritihria.net\/privacy-policy\/&#8221; url_new_window=&#8221;on&#8221; _builder_version=&#8221;4.25.2&#8243; _module_preset=&#8221;default&#8221; global_colors_info=&#8221;{}&#8221;]N\u1ed9i dung c\u1ee7a b\u1ea1n s\u1ebd \u1edf \u0111\u00e2y. Ch\u1ec9nh s\u1eeda ho\u1eb7c x\u00f3a v\u0103n b\u1ea3n n\u00e0y tr\u1ef1c tuy\u1ebfn ho\u1eb7c trong m\u00f4-\u0111un C\u00e0i \u0111\u1eb7t n\u1ed9i dung. B\u1ea1n c\u0169ng c\u00f3 th\u1ec3 \u0111\u1ecbnh d\u1ea1ng m\u1ecdi kh\u00eda c\u1ea1nh c\u1ee7a n\u1ed9i dung n\u00e0y trong m\u00f4-\u0111un C\u00e0i \u0111\u1eb7t thi\u1ebft k\u1ebf v\u00e0 th\u1eadm ch\u00ed \u00e1p d\u1ee5ng CSS t\u00f9y ch\u1ec9nh cho v\u0103n b\u1ea3n n\u00e0y trong m\u00f4-\u0111un C\u00e0i \u0111\u1eb7t n\u00e2ng cao.  [\/dondivi_menu_item][dondivi_menu_item title=&#8221;gi\u00fap \u0111\u1ee1&#8221; item_content=&#8221;icon&#8221; item_font_icon=&#8221;&#xe064;||divi||400&#8243; item_icon_color=&#8221;#b2b2b2&#8243; item_icon_width=&#8221;50px&#8221; url=&#8221;https:\/\/claritihria.net\/contact\/&#8221; _builder_version=&#8221;4.25.2&#8243; _module_preset=&#8221;default&#8221; global_colors_info=&#8221;{}&#8221;]N\u1ed9i dung c\u1ee7a b\u1ea1n s\u1ebd \u1edf \u0111\u00e2y. Ch\u1ec9nh s\u1eeda ho\u1eb7c x\u00f3a v\u0103n b\u1ea3n n\u00e0y tr\u1ef1c tuy\u1ebfn ho\u1eb7c trong m\u00f4-\u0111un C\u00e0i \u0111\u1eb7t n\u1ed9i dung. B\u1ea1n c\u0169ng c\u00f3 th\u1ec3 \u0111\u1ecbnh d\u1ea1ng m\u1ecdi kh\u00eda c\u1ea1nh c\u1ee7a n\u1ed9i dung n\u00e0y trong m\u00f4-\u0111un C\u00e0i \u0111\u1eb7t thi\u1ebft k\u1ebf v\u00e0 th\u1eadm ch\u00ed \u00e1p d\u1ee5ng CSS t\u00f9y ch\u1ec9nh cho v\u0103n b\u1ea3n n\u00e0y trong m\u00f4-\u0111un C\u00e0i \u0111\u1eb7t n\u00e2ng cao.  [\/dondivi_menu_item][\/dondivi_menu][\/et_pb_column][\/et_pb_row][\/et_pb_section]<\/p>\n","protected":false},"excerpt":{"rendered":"<p><div class=\"et_pb_module dondivi_grid dondivi_grid_0\">\n\t\t\t\t\n\t\t\t\t\n\t\t\t\t\n\t\t\t\t\n\t\t\t\t\n\t\t\t\t\n\t\t\t\t<div class=\"et_pb_module_inner\">\n\t\t\t\t\t<div class=\"ddb-grid\"><\/div>\n\t\t\t\t<\/div>\n\t\t\t<\/div><div class=\"et_pb_module dondivi_grid_item dondivi_grid_item_0\">\n\t\t\t\t\n\t\t\t\t\n\t\t\t\t\n\t\t\t\t\n\t\t\t\t\n\t\t\t\t\n\t\t\t\t<div class=\"et_pb_module_inner\">\n\t\t\t\t\t<div class=\"ddb-grid-content\"><div class=\"ddb-custom-grid-item ddb-f\"><img decoding=\"async\" alt=\"\" src=\"https:\/\/claritihria.net\/wp-content\/uploads\/2024\/08\/CLARITI.webp\" srcset=\"https:\/\/claritihria.net\/wp-content\/uploads\/2024\/08\/CLARITI.webp 1000w, https:\/\/claritihria.net\/wp-content\/uploads\/2024\/08\/CLARITI-980x258.webp 980w, https:\/\/claritihria.net\/wp-content\/uploads\/2024\/08\/CLARITI-480x126.webp 480w\" sizes=\"(min-width: 0px) and (max-width: 480px) 480px, (min-width: 481px) and (max-width: 980px) 980px, (min-width: 981px) 1000px, 100vw\" class=\"ddb-grid-item-image-icon ddb-bss\" \/><div class=\"ddb-content\"><\/div><\/div><\/div>\n\t\t\t\t<\/div>\n\t\t\t<\/div><div class=\"et_pb_module dondivi_grid_item dondivi_grid_item_1\">\n\t\t\t\t\n\t\t\t\t\n\t\t\t\t\n\t\t\t\t\n\t\t\t\t\n\t\t\t\t\n\t\t\t\t<div class=\"et_pb_module_inner\">\n\t\t\t\t\t<div class=\"ddb-grid-content\"><div class=\"ddb-custom-grid-item ddb-f\"><div class=\"ddb-content\"><div class=\"et_pb_button_module_wrapper\"><a class=\"et_pb_button ddb-grid-item-button\" href=\"\">&#8221;\u0110\u0103ng<\/a><\/div><\/div><\/div><\/div>\n\t\t\t\t<\/div>\n\t\t\t<\/div><\/p>\n","protected":false},"author":1,"featured_media":0,"parent":0,"menu_order":0,"comment_status":"closed","ping_status":"closed","template":"","meta":{"_et_pb_use_builder":"on","_et_pb_old_content":"","_et_gb_content_width":"","footnotes":""},"class_list":["post-1862","page","type-page","status-publish","hentry"],"_links":{"self":[{"href":"https:\/\/claritihria.net\/vi\/wp-json\/wp\/v2\/pages\/1862","targetHints":{"allow":["GET"]}}],"collection":[{"href":"https:\/\/claritihria.net\/vi\/wp-json\/wp\/v2\/pages"}],"about":[{"href":"https:\/\/claritihria.net\/vi\/wp-json\/wp\/v2\/types\/page"}],"author":[{"embeddable":true,"href":"https:\/\/claritihria.net\/vi\/wp-json\/wp\/v2\/users\/1"}],"replies":[{"embeddable":true,"href":"https:\/\/claritihria.net\/vi\/wp-json\/wp\/v2\/comments?post=1862"}],"version-history":[{"count":8,"href":"https:\/\/claritihria.net\/vi\/wp-json\/wp\/v2\/pages\/1862\/revisions"}],"predecessor-version":[{"id":4070,"href":"https:\/\/claritihria.net\/vi\/wp-json\/wp\/v2\/pages\/1862\/revisions\/4070"}],"wp:attachment":[{"href":"https:\/\/claritihria.net\/vi\/wp-json\/wp\/v2\/media?parent=1862"}],"curies":[{"name":"wp","href":"https:\/\/api.w.org\/{rel}","templated":true}]}}